{"id":11772,"date":"2026-05-15T08:32:07","date_gmt":"2026-05-15T05:32:07","guid":{"rendered":"https:\/\/ozince.com\/magaza\/kategorilenmemis\/bsh-0986475029-fren-silindiri-combo-94-01-1-4-1-7d-19mm-arka\/"},"modified":"2026-05-15T08:32:08","modified_gmt":"2026-05-15T05:32:08","slug":"trw-bwd118-fren-silindiri-combo-94-01-1-4-1-7d-19mm-arka","status":"publish","type":"product","link":"https:\/\/ozince.com\/magaza\/fren-sistemi-urunleri\/trw-bwd118-fren-silindiri-combo-94-01-1-4-1-7d-19mm-arka\/","title":{"rendered":"TRW-BWD118 FREN S\u0130L\u0130ND\u0130R\u0130 COMBO  94-01 1.4-1.7D 19mm ARKA"},"content":{"rendered":"","protected":false},"excerpt":{"rendered":"","protected":false},"featured_media":15631,"template":"","meta":[],"product_brand":[294],"product_cat":[257],"product_tag":[378],"class_list":{"0":"post-11772","1":"product","2":"type-product","3":"status-publish","4":"has-post-thumbnail","6":"arac_markasi_modeli-combo","7":"arac_markasi_modeli-opel","8":"product_brand-trw","9":"product_cat-fren-sistemi-urunleri","10":"product_tag-altay","12":"first","13":"instock","14":"taxable","15":"shipping-taxable","16":"purchasable","17":"product-type-simple"},"jetpack_sharing_enabled":true,"_links":{"self":[{"href":"https:\/\/ozince.com\/magaza\/wp-json\/wp\/v2\/product\/11772","targetHints":{"allow":["GET"]}}],"collection":[{"href":"https:\/\/ozince.com\/magaza\/wp-json\/wp\/v2\/product"}],"about":[{"href":"https:\/\/ozince.com\/magaza\/wp-json\/wp\/v2\/types\/product"}],"wp:featuredmedia":[{"embeddable":true,"href":"https:\/\/ozince.com\/magaza\/wp-json\/wp\/v2\/media\/15631"}],"wp:attachment":[{"href":"https:\/\/ozince.com\/magaza\/wp-json\/wp\/v2\/media?parent=11772"}],"wp:term":[{"taxonomy":"product_brand","embeddable":true,"href":"https:\/\/ozince.com\/magaza\/wp-json\/wp\/v2\/product_brand?post=11772"},{"taxonomy":"product_cat","embeddable":true,"href":"https:\/\/ozince.com\/magaza\/wp-json\/wp\/v2\/product_cat?post=11772"},{"taxonomy":"product_tag","embeddable":true,"href":"https:\/\/ozince.com\/magaza\/wp-json\/wp\/v2\/product_tag?post=11772"}],"curies":[{"name":"wp","href":"https:\/\/api.w.org\/{rel}","templated":true}]}}