{"id":11761,"date":"2026-04-06T08:26:06","date_gmt":"2026-04-06T05:26:06","guid":{"rendered":"https:\/\/ozince.com\/magaza\/kategorilenmemis\/tyv-vm963ebcal-ayna-dis-dikiz-insignia-08-elektrikli-isitmali-hafizali-otomatik-katlanir-astarli-9-fis-sol\/"},"modified":"2026-04-06T08:26:06","modified_gmt":"2026-04-06T05:26:06","slug":"tyv-vm963ebcal-ayna-dis-dikiz-insignia-08-elektrikli-isitmali-hafizali-otomatik-katlanir-astarli-9-fis-sol","status":"publish","type":"product","link":"https:\/\/ozince.com\/magaza\/aksesuar-urunleri\/tyv-vm963ebcal-ayna-dis-dikiz-insignia-08-elektrikli-isitmali-hafizali-otomatik-katlanir-astarli-9-fis-sol\/","title":{"rendered":"TYV-VM963EBCAL AYNA DI\u015e D\u0130K\u0130Z INSIGNIA 08= ELEKTR\u0130KL\u0130 ISITMALI HAFIZALI OTOMAT\u0130K KATLANIR ASTARLI 9 F\u0130\u015e SOL"},"content":{"rendered":"","protected":false},"excerpt":{"rendered":"","protected":false},"featured_media":0,"template":"","meta":[],"product_brand":[431],"product_cat":[401],"product_tag":[378],"class_list":{"0":"post-11761","1":"product","2":"type-product","3":"status-publish","5":"arac_markasi_modeli-insignia","6":"arac_markasi_modeli-opel","7":"product_brand-viewmax","8":"product_cat-aksesuar-urunleri","9":"product_tag-altay","11":"first","12":"outofstock","13":"taxable","14":"shipping-taxable","15":"purchasable","16":"product-type-simple"},"jetpack_sharing_enabled":true,"_links":{"self":[{"href":"https:\/\/ozince.com\/magaza\/wp-json\/wp\/v2\/product\/11761","targetHints":{"allow":["GET"]}}],"collection":[{"href":"https:\/\/ozince.com\/magaza\/wp-json\/wp\/v2\/product"}],"about":[{"href":"https:\/\/ozince.com\/magaza\/wp-json\/wp\/v2\/types\/product"}],"wp:attachment":[{"href":"https:\/\/ozince.com\/magaza\/wp-json\/wp\/v2\/media?parent=11761"}],"wp:term":[{"taxonomy":"product_brand","embeddable":true,"href":"https:\/\/ozince.com\/magaza\/wp-json\/wp\/v2\/product_brand?post=11761"},{"taxonomy":"product_cat","embeddable":true,"href":"https:\/\/ozince.com\/magaza\/wp-json\/wp\/v2\/product_cat?post=11761"},{"taxonomy":"product_tag","embeddable":true,"href":"https:\/\/ozince.com\/magaza\/wp-json\/wp\/v2\/product_tag?post=11761"}],"curies":[{"name":"wp","href":"https:\/\/api.w.org\/{rel}","templated":true}]}}