{"id":11733,"date":"2026-05-05T08:22:39","date_gmt":"2026-05-05T05:22:39","guid":{"rendered":"https:\/\/ozince.com\/magaza\/kategorilenmemis\/mhr-26314-tel-vites-insignia-08-6-vites-f40-sanziman-ac4\/"},"modified":"2026-05-05T08:22:40","modified_gmt":"2026-05-05T05:22:40","slug":"mhr-26314-tel-vites-insignia-08-6-vites-f40-sanziman-ac4","status":"publish","type":"product","link":"https:\/\/ozince.com\/magaza\/debriyaj-ve-el-fren-tel-urunleri\/mhr-26314-tel-vites-insignia-08-6-vites-f40-sanziman-ac4\/","title":{"rendered":"MHR-26314 TEL V\u0130TES INSIGNIA 08= 6 V\u0130TES F40 \u015eANZIMAN AC4"},"content":{"rendered":"","protected":false},"excerpt":{"rendered":"","protected":false},"featured_media":14552,"template":"","meta":[],"product_brand":[288],"product_cat":[403],"product_tag":[378],"class_list":{"0":"post-11733","1":"product","2":"type-product","3":"status-publish","4":"has-post-thumbnail","6":"arac_markasi_modeli-insignia","7":"arac_markasi_modeli-opel","8":"product_brand-maher","9":"product_cat-debriyaj-ve-el-fren-tel-urunleri","10":"product_tag-altay","12":"first","13":"instock","14":"taxable","15":"shipping-taxable","16":"purchasable","17":"product-type-simple"},"jetpack_sharing_enabled":true,"_links":{"self":[{"href":"https:\/\/ozince.com\/magaza\/wp-json\/wp\/v2\/product\/11733","targetHints":{"allow":["GET"]}}],"collection":[{"href":"https:\/\/ozince.com\/magaza\/wp-json\/wp\/v2\/product"}],"about":[{"href":"https:\/\/ozince.com\/magaza\/wp-json\/wp\/v2\/types\/product"}],"wp:featuredmedia":[{"embeddable":true,"href":"https:\/\/ozince.com\/magaza\/wp-json\/wp\/v2\/media\/14552"}],"wp:attachment":[{"href":"https:\/\/ozince.com\/magaza\/wp-json\/wp\/v2\/media?parent=11733"}],"wp:term":[{"taxonomy":"product_brand","embeddable":true,"href":"https:\/\/ozince.com\/magaza\/wp-json\/wp\/v2\/product_brand?post=11733"},{"taxonomy":"product_cat","embeddable":true,"href":"https:\/\/ozince.com\/magaza\/wp-json\/wp\/v2\/product_cat?post=11733"},{"taxonomy":"product_tag","embeddable":true,"href":"https:\/\/ozince.com\/magaza\/wp-json\/wp\/v2\/product_tag?post=11733"}],"curies":[{"name":"wp","href":"https:\/\/api.w.org\/{rel}","templated":true}]}}