{"id":11727,"date":"2026-04-06T08:24:55","date_gmt":"2026-04-06T05:24:55","guid":{"rendered":"https:\/\/ozince.com\/magaza\/kategorilenmemis\/mhr-30025-silecek-supurgesi-takim-insignia-a-09-mazda-3-bm-bn-mazda-6-sedan-gl-mazda-cx-5-ke-aerotwin-ar602s-600450mm-2418\/"},"modified":"2026-04-06T08:24:55","modified_gmt":"2026-04-06T05:24:55","slug":"mhr-30025-silecek-supurgesi-takim-insignia-a-09-mazda-3-bm-bn-mazda-6-sedan-gl-mazda-cx-5-ke-aerotwin-ar602s-600450mm-2418","status":"publish","type":"product","link":"https:\/\/ozince.com\/magaza\/aksesuar-urunleri\/mhr-30025-silecek-supurgesi-takim-insignia-a-09-mazda-3-bm-bn-mazda-6-sedan-gl-mazda-cx-5-ke-aerotwin-ar602s-600450mm-2418\/","title":{"rendered":"MHR-30025 S\u0130LECEK S\u00dcP\u00dcRGES\u0130 TAKIM INSIGNIA (A) 09= \/ MAZDA 3 (BM-BN) \/ MAZDA 6 SEDAN (GL) \/ MAZDA CX-5 (KE) AEROTWIN AR602S (600+450mm) 24+18"},"content":{"rendered":"","protected":false},"excerpt":{"rendered":"","protected":false},"featured_media":12822,"template":"","meta":[],"product_brand":[288],"product_cat":[401],"product_tag":[378],"class_list":{"0":"post-11727","1":"product","2":"type-product","3":"status-publish","4":"has-post-thumbnail","6":"arac_markasi_modeli-insignia","7":"arac_markasi_modeli-opel","8":"product_brand-maher","9":"product_cat-aksesuar-urunleri","10":"product_tag-altay","12":"first","13":"instock","14":"taxable","15":"shipping-taxable","16":"purchasable","17":"product-type-simple"},"jetpack_sharing_enabled":true,"_links":{"self":[{"href":"https:\/\/ozince.com\/magaza\/wp-json\/wp\/v2\/product\/11727","targetHints":{"allow":["GET"]}}],"collection":[{"href":"https:\/\/ozince.com\/magaza\/wp-json\/wp\/v2\/product"}],"about":[{"href":"https:\/\/ozince.com\/magaza\/wp-json\/wp\/v2\/types\/product"}],"wp:featuredmedia":[{"embeddable":true,"href":"https:\/\/ozince.com\/magaza\/wp-json\/wp\/v2\/media\/12822"}],"wp:attachment":[{"href":"https:\/\/ozince.com\/magaza\/wp-json\/wp\/v2\/media?parent=11727"}],"wp:term":[{"taxonomy":"product_brand","embeddable":true,"href":"https:\/\/ozince.com\/magaza\/wp-json\/wp\/v2\/product_brand?post=11727"},{"taxonomy":"product_cat","embeddable":true,"href":"https:\/\/ozince.com\/magaza\/wp-json\/wp\/v2\/product_cat?post=11727"},{"taxonomy":"product_tag","embeddable":true,"href":"https:\/\/ozince.com\/magaza\/wp-json\/wp\/v2\/product_tag?post=11727"}],"curies":[{"name":"wp","href":"https:\/\/api.w.org\/{rel}","templated":true}]}}