{"id":11715,"date":"2026-03-05T08:21:26","date_gmt":"2026-03-05T05:21:26","guid":{"rendered":"https:\/\/ozince.com\/magaza\/kategorilenmemis\/mhr-23853-dis-dikiz-ayna-sinyal-doblo-10-combo-12-sag\/"},"modified":"2026-03-05T08:21:26","modified_gmt":"2026-03-05T05:21:26","slug":"mhr-23853-dis-dikiz-ayna-sinyal-doblo-10-combo-12-sag","status":"publish","type":"product","link":"https:\/\/ozince.com\/magaza\/dis-aydinlatma-urunleri\/mhr-23853-dis-dikiz-ayna-sinyal-doblo-10-combo-12-sag\/","title":{"rendered":"MHR-23853 DI\u015e D\u0130K\u0130Z AYNA S\u0130NYAL DOBLO 10= \/ COMBO 12= SA\u011e"},"content":{"rendered":"","protected":false},"excerpt":{"rendered":"","protected":false},"featured_media":12304,"template":"","meta":[],"product_brand":[288],"product_cat":[411],"product_tag":[378],"class_list":{"0":"post-11715","1":"product","2":"type-product","3":"status-publish","4":"has-post-thumbnail","6":"arac_markasi_modeli-combo","7":"arac_markasi_modeli-opel","8":"product_brand-maher","9":"product_cat-dis-aydinlatma-urunleri","10":"product_tag-altay","12":"first","13":"instock","14":"taxable","15":"shipping-taxable","16":"purchasable","17":"product-type-simple"},"jetpack_sharing_enabled":true,"_links":{"self":[{"href":"https:\/\/ozince.com\/magaza\/wp-json\/wp\/v2\/product\/11715","targetHints":{"allow":["GET"]}}],"collection":[{"href":"https:\/\/ozince.com\/magaza\/wp-json\/wp\/v2\/product"}],"about":[{"href":"https:\/\/ozince.com\/magaza\/wp-json\/wp\/v2\/types\/product"}],"wp:featuredmedia":[{"embeddable":true,"href":"https:\/\/ozince.com\/magaza\/wp-json\/wp\/v2\/media\/12304"}],"wp:attachment":[{"href":"https:\/\/ozince.com\/magaza\/wp-json\/wp\/v2\/media?parent=11715"}],"wp:term":[{"taxonomy":"product_brand","embeddable":true,"href":"https:\/\/ozince.com\/magaza\/wp-json\/wp\/v2\/product_brand?post=11715"},{"taxonomy":"product_cat","embeddable":true,"href":"https:\/\/ozince.com\/magaza\/wp-json\/wp\/v2\/product_cat?post=11715"},{"taxonomy":"product_tag","embeddable":true,"href":"https:\/\/ozince.com\/magaza\/wp-json\/wp\/v2\/product_tag?post=11715"}],"curies":[{"name":"wp","href":"https:\/\/api.w.org\/{rel}","templated":true}]}}