{"id":11706,"date":"2026-02-27T08:22:28","date_gmt":"2026-02-27T05:22:28","guid":{"rendered":"https:\/\/ozince.com\/magaza\/kategorilenmemis\/mhr-00675-silindir-kapagi-fiat-1-3-multijet-doblo-punto-albea-siena-opel-astra-combo-corsa-suzuki-swift-06\/"},"modified":"2026-02-27T08:22:29","modified_gmt":"2026-02-27T05:22:29","slug":"mhr-00675-silindir-kapagi-fiat-1-3-multijet-doblo-punto-albea-siena-opel-astra-combo-corsa-suzuki-swift-06","status":"publish","type":"product","link":"https:\/\/ozince.com\/magaza\/motor-mekanik-urunleri\/mhr-00675-silindir-kapagi-fiat-1-3-multijet-doblo-punto-albea-siena-opel-astra-combo-corsa-suzuki-swift-06\/","title":{"rendered":"MHR-00675 S\u0130L\u0130ND\u0130R KAPA\u011eI FIAT 1.3 MULTIJET DOBLO \/ PUNTO \/ ALBEA \/ SIENA \/ OPEL ASTRA \/ COMBO \/ CORSA \/ SUZUKI SWIFT 06="},"content":{"rendered":"","protected":false},"excerpt":{"rendered":"","protected":false},"featured_media":12828,"template":"","meta":[],"product_brand":[288],"product_cat":[298],"product_tag":[378],"class_list":{"0":"post-11706","1":"product","2":"type-product","3":"status-publish","4":"has-post-thumbnail","6":"arac_markasi_modeli-corsa","7":"arac_markasi_modeli-opel","8":"product_brand-maher","9":"product_cat-motor-mekanik-urunleri","10":"product_tag-altay","12":"first","13":"outofstock","14":"taxable","15":"shipping-taxable","16":"purchasable","17":"product-type-simple"},"jetpack_sharing_enabled":true,"_links":{"self":[{"href":"https:\/\/ozince.com\/magaza\/wp-json\/wp\/v2\/product\/11706","targetHints":{"allow":["GET"]}}],"collection":[{"href":"https:\/\/ozince.com\/magaza\/wp-json\/wp\/v2\/product"}],"about":[{"href":"https:\/\/ozince.com\/magaza\/wp-json\/wp\/v2\/types\/product"}],"wp:featuredmedia":[{"embeddable":true,"href":"https:\/\/ozince.com\/magaza\/wp-json\/wp\/v2\/media\/12828"}],"wp:attachment":[{"href":"https:\/\/ozince.com\/magaza\/wp-json\/wp\/v2\/media?parent=11706"}],"wp:term":[{"taxonomy":"product_brand","embeddable":true,"href":"https:\/\/ozince.com\/magaza\/wp-json\/wp\/v2\/product_brand?post=11706"},{"taxonomy":"product_cat","embeddable":true,"href":"https:\/\/ozince.com\/magaza\/wp-json\/wp\/v2\/product_cat?post=11706"},{"taxonomy":"product_tag","embeddable":true,"href":"https:\/\/ozince.com\/magaza\/wp-json\/wp\/v2\/product_tag?post=11706"}],"curies":[{"name":"wp","href":"https:\/\/api.w.org\/{rel}","templated":true}]}}