{"id":11688,"date":"2026-04-07T08:24:55","date_gmt":"2026-04-07T05:24:55","guid":{"rendered":"https:\/\/ozince.com\/magaza\/kategorilenmemis\/est-36023-eksantrik-mili-corsa-a-corsa-b-combo-b-c12nz-c12sz\/"},"modified":"2026-04-07T08:24:56","modified_gmt":"2026-04-07T05:24:56","slug":"est-36023-eksantrik-mili-corsa-a-corsa-b-combo-b-c12nz-c12sz","status":"publish","type":"product","link":"https:\/\/ozince.com\/magaza\/motor-mekanik-urunleri\/est-36023-eksantrik-mili-corsa-a-corsa-b-combo-b-c12nz-c12sz\/","title":{"rendered":"EST-36023 EKSANTR\u0130K M\u0130L\u0130 CORSA A \/ CORSA B \/ COMBO B C12NZ-C12SZ"},"content":{"rendered":"","protected":false},"excerpt":{"rendered":"","protected":false},"featured_media":15077,"template":"","meta":[],"product_brand":[447],"product_cat":[298],"product_tag":[378],"class_list":{"0":"post-11688","1":"product","2":"type-product","3":"status-publish","4":"has-post-thumbnail","6":"arac_markasi_modeli-corsa-a","7":"arac_markasi_modeli-corsa-b","8":"arac_markasi_modeli-opel","9":"product_brand-estas","10":"product_cat-motor-mekanik-urunleri","11":"product_tag-altay","13":"first","14":"instock","15":"taxable","16":"shipping-taxable","17":"purchasable","18":"product-type-simple"},"jetpack_sharing_enabled":true,"_links":{"self":[{"href":"https:\/\/ozince.com\/magaza\/wp-json\/wp\/v2\/product\/11688","targetHints":{"allow":["GET"]}}],"collection":[{"href":"https:\/\/ozince.com\/magaza\/wp-json\/wp\/v2\/product"}],"about":[{"href":"https:\/\/ozince.com\/magaza\/wp-json\/wp\/v2\/types\/product"}],"wp:featuredmedia":[{"embeddable":true,"href":"https:\/\/ozince.com\/magaza\/wp-json\/wp\/v2\/media\/15077"}],"wp:attachment":[{"href":"https:\/\/ozince.com\/magaza\/wp-json\/wp\/v2\/media?parent=11688"}],"wp:term":[{"taxonomy":"product_brand","embeddable":true,"href":"https:\/\/ozince.com\/magaza\/wp-json\/wp\/v2\/product_brand?post=11688"},{"taxonomy":"product_cat","embeddable":true,"href":"https:\/\/ozince.com\/magaza\/wp-json\/wp\/v2\/product_cat?post=11688"},{"taxonomy":"product_tag","embeddable":true,"href":"https:\/\/ozince.com\/magaza\/wp-json\/wp\/v2\/product_tag?post=11688"}],"curies":[{"name":"wp","href":"https:\/\/api.w.org\/{rel}","templated":true}]}}