{"id":11677,"date":"2026-05-01T08:26:46","date_gmt":"2026-05-01T05:26:46","guid":{"rendered":"https:\/\/ozince.com\/magaza\/kategorilenmemis\/ytt-1402-aks-korugu-dis-vectra-a-astra-f-corsa-a\/"},"modified":"2026-05-01T08:26:47","modified_gmt":"2026-05-01T05:26:47","slug":"ytt-1402-aks-korugu-dis-vectra-a-astra-f-corsa-a","status":"publish","type":"product","link":"https:\/\/ozince.com\/magaza\/aks-urunleri\/ytt-1402-aks-korugu-dis-vectra-a-astra-f-corsa-a\/","title":{"rendered":"YTT-1402 AKS K\u00d6R\u00dc\u011e\u00dc DI\u015e VECTRA A \/ ASTRA F \/ CORSA A"},"content":{"rendered":"","protected":false},"excerpt":{"rendered":"","protected":false},"featured_media":13378,"template":"","meta":[],"product_brand":[413],"product_cat":[379],"product_tag":[378],"class_list":{"0":"post-11677","1":"product","2":"type-product","3":"status-publish","4":"has-post-thumbnail","6":"arac_markasi_modeli-astra-f","7":"arac_markasi_modeli-corsa-a","8":"arac_markasi_modeli-opel","9":"arac_markasi_modeli-vectra-a","10":"product_brand-ytt","11":"product_cat-aks-urunleri","12":"product_tag-altay","14":"first","15":"instock","16":"taxable","17":"shipping-taxable","18":"purchasable","19":"product-type-simple"},"jetpack_sharing_enabled":true,"_links":{"self":[{"href":"https:\/\/ozince.com\/magaza\/wp-json\/wp\/v2\/product\/11677","targetHints":{"allow":["GET"]}}],"collection":[{"href":"https:\/\/ozince.com\/magaza\/wp-json\/wp\/v2\/product"}],"about":[{"href":"https:\/\/ozince.com\/magaza\/wp-json\/wp\/v2\/types\/product"}],"wp:featuredmedia":[{"embeddable":true,"href":"https:\/\/ozince.com\/magaza\/wp-json\/wp\/v2\/media\/13378"}],"wp:attachment":[{"href":"https:\/\/ozince.com\/magaza\/wp-json\/wp\/v2\/media?parent=11677"}],"wp:term":[{"taxonomy":"product_brand","embeddable":true,"href":"https:\/\/ozince.com\/magaza\/wp-json\/wp\/v2\/product_brand?post=11677"},{"taxonomy":"product_cat","embeddable":true,"href":"https:\/\/ozince.com\/magaza\/wp-json\/wp\/v2\/product_cat?post=11677"},{"taxonomy":"product_tag","embeddable":true,"href":"https:\/\/ozince.com\/magaza\/wp-json\/wp\/v2\/product_tag?post=11677"}],"curies":[{"name":"wp","href":"https:\/\/api.w.org\/{rel}","templated":true}]}}