{"id":11668,"date":"2025-10-14T14:16:39","date_gmt":"2025-10-14T11:16:39","guid":{"rendered":"https:\/\/ozince.com\/magaza\/kategorilenmemis\/ytt-1406-aks-korugu-ic-vectra-a-b-astra-f\/"},"modified":"2025-10-14T14:16:39","modified_gmt":"2025-10-14T11:16:39","slug":"ytt-1406-aks-korugu-ic-vectra-a-b-astra-f","status":"publish","type":"product","link":"https:\/\/ozince.com\/magaza\/aks-urunleri\/ytt-1406-aks-korugu-ic-vectra-a-b-astra-f\/","title":{"rendered":"YTT-1406 AKS K\u00d6R\u00dc\u011e\u00dc \u0130\u00c7 VECTRA A \/ B \/ ASTRA F"},"content":{"rendered":"","protected":false},"excerpt":{"rendered":"","protected":false},"featured_media":0,"template":"","meta":[],"product_brand":[413],"product_cat":[379],"product_tag":[378],"class_list":{"0":"post-11668","1":"product","2":"type-product","3":"status-publish","5":"arac_markasi_modeli-astra-f","6":"arac_markasi_modeli-opel","7":"arac_markasi_modeli-vectra-a","8":"product_brand-ytt","9":"product_cat-aks-urunleri","10":"product_tag-altay","12":"first","13":"outofstock","14":"taxable","15":"shipping-taxable","16":"purchasable","17":"product-type-simple"},"jetpack_sharing_enabled":true,"_links":{"self":[{"href":"https:\/\/ozince.com\/magaza\/wp-json\/wp\/v2\/product\/11668","targetHints":{"allow":["GET"]}}],"collection":[{"href":"https:\/\/ozince.com\/magaza\/wp-json\/wp\/v2\/product"}],"about":[{"href":"https:\/\/ozince.com\/magaza\/wp-json\/wp\/v2\/types\/product"}],"wp:attachment":[{"href":"https:\/\/ozince.com\/magaza\/wp-json\/wp\/v2\/media?parent=11668"}],"wp:term":[{"taxonomy":"product_brand","embeddable":true,"href":"https:\/\/ozince.com\/magaza\/wp-json\/wp\/v2\/product_brand?post=11668"},{"taxonomy":"product_cat","embeddable":true,"href":"https:\/\/ozince.com\/magaza\/wp-json\/wp\/v2\/product_cat?post=11668"},{"taxonomy":"product_tag","embeddable":true,"href":"https:\/\/ozince.com\/magaza\/wp-json\/wp\/v2\/product_tag?post=11668"}],"curies":[{"name":"wp","href":"https:\/\/api.w.org\/{rel}","templated":true}]}}