{"id":11660,"date":"2026-04-10T08:15:36","date_gmt":"2026-04-10T05:15:36","guid":{"rendered":"https:\/\/ozince.com\/magaza\/kategorilenmemis\/ngk-90318-atesleme-bujisi-astra-h-mokka-zafira-b-cruze-aveo-07-z16xer-a16xer-f14d4-f16d3-f16d4-f18d4-zfr6u-9\/"},"modified":"2026-04-10T08:15:37","modified_gmt":"2026-04-10T05:15:37","slug":"ngk-90318-atesleme-bujisi-astra-h-mokka-zafira-b-cruze-aveo-07-z16xer-a16xer-f14d4-f16d3-f16d4-f18d4-zfr6u-9","status":"publish","type":"product","link":"https:\/\/ozince.com\/magaza\/sensor-ve-elektrik-urunleri\/ngk-90318-atesleme-bujisi-astra-h-mokka-zafira-b-cruze-aveo-07-z16xer-a16xer-f14d4-f16d3-f16d4-f18d4-zfr6u-9\/","title":{"rendered":"NGK-90318 ATE\u015eLEME BUJ\u0130S\u0130 ASTRA H \/ MOKKA \/ ZAFIRA B \/ CRUZE \/ AVEO 07= Z16XER-A16XER-F14D4-F16D3-F16D4-F18D4 (ZFR6U-9)"},"content":{"rendered":"","protected":false},"excerpt":{"rendered":"","protected":false},"featured_media":15510,"template":"","meta":[],"product_brand":[417],"product_cat":[374],"product_tag":[378],"class_list":{"0":"post-11660","1":"product","2":"type-product","3":"status-publish","4":"has-post-thumbnail","6":"arac_markasi_modeli-astra-h","7":"arac_markasi_modeli-mokka","8":"arac_markasi_modeli-opel","9":"arac_markasi_modeli-zafira-b","10":"product_brand-ngk","11":"product_cat-sensor-ve-elektrik-urunleri","12":"product_tag-altay","14":"first","15":"instock","16":"taxable","17":"shipping-taxable","18":"purchasable","19":"product-type-simple"},"jetpack_sharing_enabled":true,"_links":{"self":[{"href":"https:\/\/ozince.com\/magaza\/wp-json\/wp\/v2\/product\/11660","targetHints":{"allow":["GET"]}}],"collection":[{"href":"https:\/\/ozince.com\/magaza\/wp-json\/wp\/v2\/product"}],"about":[{"href":"https:\/\/ozince.com\/magaza\/wp-json\/wp\/v2\/types\/product"}],"wp:featuredmedia":[{"embeddable":true,"href":"https:\/\/ozince.com\/magaza\/wp-json\/wp\/v2\/media\/15510"}],"wp:attachment":[{"href":"https:\/\/ozince.com\/magaza\/wp-json\/wp\/v2\/media?parent=11660"}],"wp:term":[{"taxonomy":"product_brand","embeddable":true,"href":"https:\/\/ozince.com\/magaza\/wp-json\/wp\/v2\/product_brand?post=11660"},{"taxonomy":"product_cat","embeddable":true,"href":"https:\/\/ozince.com\/magaza\/wp-json\/wp\/v2\/product_cat?post=11660"},{"taxonomy":"product_tag","embeddable":true,"href":"https:\/\/ozince.com\/magaza\/wp-json\/wp\/v2\/product_tag?post=11660"}],"curies":[{"name":"wp","href":"https:\/\/api.w.org\/{rel}","templated":true}]}}