{"id":11658,"date":"2026-05-03T08:23:59","date_gmt":"2026-05-03T05:23:59","guid":{"rendered":"https:\/\/ozince.com\/magaza\/kategorilenmemis\/mhr-31724-guneslik-corsa-b-combo-a-tigra-a-takim\/"},"modified":"2026-05-03T08:24:03","modified_gmt":"2026-05-03T05:24:03","slug":"mhr-31724-guneslik-corsa-b-combo-a-tigra-a-takim","status":"publish","type":"product","link":"https:\/\/ozince.com\/magaza\/karoseri-ve-kaporta-urunleri\/mhr-31724-guneslik-corsa-b-combo-a-tigra-a-takim\/","title":{"rendered":"MHR-31724 G\u00dcNE\u015eL\u0130K CORSA B \/ COMBO A \/ T\u0130GRA A TAKIM"},"content":{"rendered":"","protected":false},"excerpt":{"rendered":"","protected":false},"featured_media":0,"template":"","meta":[],"product_brand":[288],"product_cat":[351],"product_tag":[378],"class_list":{"0":"post-11658","1":"product","2":"type-product","3":"status-publish","5":"arac_markasi_modeli-corsa-b","6":"arac_markasi_modeli-opel","7":"arac_markasi_modeli-tigra","8":"product_brand-maher","9":"product_cat-karoseri-ve-kaporta-urunleri","10":"product_tag-altay","12":"first","13":"instock","14":"taxable","15":"shipping-taxable","16":"purchasable","17":"product-type-simple"},"jetpack_sharing_enabled":true,"_links":{"self":[{"href":"https:\/\/ozince.com\/magaza\/wp-json\/wp\/v2\/product\/11658","targetHints":{"allow":["GET"]}}],"collection":[{"href":"https:\/\/ozince.com\/magaza\/wp-json\/wp\/v2\/product"}],"about":[{"href":"https:\/\/ozince.com\/magaza\/wp-json\/wp\/v2\/types\/product"}],"wp:attachment":[{"href":"https:\/\/ozince.com\/magaza\/wp-json\/wp\/v2\/media?parent=11658"}],"wp:term":[{"taxonomy":"product_brand","embeddable":true,"href":"https:\/\/ozince.com\/magaza\/wp-json\/wp\/v2\/product_brand?post=11658"},{"taxonomy":"product_cat","embeddable":true,"href":"https:\/\/ozince.com\/magaza\/wp-json\/wp\/v2\/product_cat?post=11658"},{"taxonomy":"product_tag","embeddable":true,"href":"https:\/\/ozince.com\/magaza\/wp-json\/wp\/v2\/product_tag?post=11658"}],"curies":[{"name":"wp","href":"https:\/\/api.w.org\/{rel}","templated":true}]}}