{"id":11654,"date":"2026-04-07T08:24:49","date_gmt":"2026-04-07T05:24:49","guid":{"rendered":"https:\/\/ozince.com\/magaza\/kategorilenmemis\/gates-5310xs-triger-kayisi-111-dis-corsa-b-astra-f-kadett-combo-b-c14nz-x14nz-c16nz\/"},"modified":"2026-04-07T08:24:49","modified_gmt":"2026-04-07T05:24:49","slug":"gates-5310xs-triger-kayisi-111-dis-corsa-b-astra-f-kadett-combo-b-c14nz-x14nz-c16nz","status":"publish","type":"product","link":"https:\/\/ozince.com\/magaza\/motor-mekanik-urunleri\/gates-5310xs-triger-kayisi-111-dis-corsa-b-astra-f-kadett-combo-b-c14nz-x14nz-c16nz\/","title":{"rendered":"GATES-5310XS TR\u0130GER KAYI\u015eI (111 D\u0130\u015e) CORSA B \/ ASTRA F \/ KADETT \/ COMBO B C14NZ-X14NZ-C16NZ"},"content":{"rendered":"","protected":false},"excerpt":{"rendered":"","protected":false},"featured_media":13618,"template":"","meta":[],"product_brand":[299],"product_cat":[298],"product_tag":[378],"class_list":{"0":"post-11654","1":"product","2":"type-product","3":"status-publish","4":"has-post-thumbnail","6":"arac_markasi_modeli-astra-f","7":"arac_markasi_modeli-corsa-b","8":"arac_markasi_modeli-opel","9":"product_brand-gates","10":"product_cat-motor-mekanik-urunleri","11":"product_tag-altay","13":"first","14":"instock","15":"taxable","16":"shipping-taxable","17":"purchasable","18":"product-type-simple"},"jetpack_sharing_enabled":true,"_links":{"self":[{"href":"https:\/\/ozince.com\/magaza\/wp-json\/wp\/v2\/product\/11654","targetHints":{"allow":["GET"]}}],"collection":[{"href":"https:\/\/ozince.com\/magaza\/wp-json\/wp\/v2\/product"}],"about":[{"href":"https:\/\/ozince.com\/magaza\/wp-json\/wp\/v2\/types\/product"}],"wp:featuredmedia":[{"embeddable":true,"href":"https:\/\/ozince.com\/magaza\/wp-json\/wp\/v2\/media\/13618"}],"wp:attachment":[{"href":"https:\/\/ozince.com\/magaza\/wp-json\/wp\/v2\/media?parent=11654"}],"wp:term":[{"taxonomy":"product_brand","embeddable":true,"href":"https:\/\/ozince.com\/magaza\/wp-json\/wp\/v2\/product_brand?post=11654"},{"taxonomy":"product_cat","embeddable":true,"href":"https:\/\/ozince.com\/magaza\/wp-json\/wp\/v2\/product_cat?post=11654"},{"taxonomy":"product_tag","embeddable":true,"href":"https:\/\/ozince.com\/magaza\/wp-json\/wp\/v2\/product_tag?post=11654"}],"curies":[{"name":"wp","href":"https:\/\/api.w.org\/{rel}","templated":true}]}}