{"id":11653,"date":"2026-04-30T08:29:09","date_gmt":"2026-04-30T05:29:09","guid":{"rendered":"https:\/\/ozince.com\/magaza\/kategorilenmemis\/swg-40106736-eksantrik-zincir-seti-astra-j-insignia-a-b-zafira-c-a16xht-b16shl\/"},"modified":"2026-04-30T08:29:10","modified_gmt":"2026-04-30T05:29:10","slug":"swg-40106736-eksantrik-zincir-seti-astra-j-insignia-a-b-zafira-c-a16xht-b16shl","status":"publish","type":"product","link":"https:\/\/ozince.com\/magaza\/motor-mekanik-urunleri\/swg-40106736-eksantrik-zincir-seti-astra-j-insignia-a-b-zafira-c-a16xht-b16shl\/","title":{"rendered":"SWG-40106736 EKSANTR\u0130K Z\u0130NC\u0130R SET\u0130 ASTRA J \/ INSIGNIA A \/ B \/ ZAF\u0130RA C A16XHT-B16SHL"},"content":{"rendered":"","protected":false},"excerpt":{"rendered":"","protected":false},"featured_media":13164,"template":"","meta":[],"product_brand":[309],"product_cat":[298],"product_tag":[378],"class_list":{"0":"post-11653","1":"product","2":"type-product","3":"status-publish","4":"has-post-thumbnail","6":"arac_markasi_modeli-astra-j","7":"arac_markasi_modeli-insignia-a","8":"arac_markasi_modeli-opel","9":"arac_markasi_modeli-zafira-c","10":"product_brand-swag","11":"product_cat-motor-mekanik-urunleri","12":"product_tag-altay","14":"first","15":"outofstock","16":"taxable","17":"shipping-taxable","18":"purchasable","19":"product-type-simple"},"jetpack_sharing_enabled":true,"_links":{"self":[{"href":"https:\/\/ozince.com\/magaza\/wp-json\/wp\/v2\/product\/11653","targetHints":{"allow":["GET"]}}],"collection":[{"href":"https:\/\/ozince.com\/magaza\/wp-json\/wp\/v2\/product"}],"about":[{"href":"https:\/\/ozince.com\/magaza\/wp-json\/wp\/v2\/types\/product"}],"wp:featuredmedia":[{"embeddable":true,"href":"https:\/\/ozince.com\/magaza\/wp-json\/wp\/v2\/media\/13164"}],"wp:attachment":[{"href":"https:\/\/ozince.com\/magaza\/wp-json\/wp\/v2\/media?parent=11653"}],"wp:term":[{"taxonomy":"product_brand","embeddable":true,"href":"https:\/\/ozince.com\/magaza\/wp-json\/wp\/v2\/product_brand?post=11653"},{"taxonomy":"product_cat","embeddable":true,"href":"https:\/\/ozince.com\/magaza\/wp-json\/wp\/v2\/product_cat?post=11653"},{"taxonomy":"product_tag","embeddable":true,"href":"https:\/\/ozince.com\/magaza\/wp-json\/wp\/v2\/product_tag?post=11653"}],"curies":[{"name":"wp","href":"https:\/\/api.w.org\/{rel}","templated":true}]}}