{"id":11640,"date":"2026-04-10T08:15:32","date_gmt":"2026-04-10T05:15:32","guid":{"rendered":"https:\/\/ozince.com\/magaza\/kategorilenmemis\/gmb-gtb0050-triger-gergisi-chevrolet-lacetti-evanda-rezzo-daewoo-leganza-magnus-nubira-tacuma-opel-astra-f-astra-g-calibra-a-frontera-kadett-e-omega-b-vectra-a-vectra-b-l\/"},"modified":"2026-04-10T08:15:33","modified_gmt":"2026-04-10T05:15:33","slug":"gmb-gtb0050-triger-gergisi-chevrolet-lacetti-evanda-rezzo-daewoo-leganza-magnus-nubira-tacuma-opel-astra-f-astra-g-calibra-a-frontera-kadett-e-omega-b-vectra-a-vectra-b-l","status":"publish","type":"product","link":"https:\/\/ozince.com\/magaza\/motor-mekanik-urunleri\/gmb-gtb0050-triger-gergisi-chevrolet-lacetti-evanda-rezzo-daewoo-leganza-magnus-nubira-tacuma-opel-astra-f-astra-g-calibra-a-frontera-kadett-e-omega-b-vectra-a-vectra-b-l\/","title":{"rendered":"GMB-GTB0050 TR\u0130GER GERG\u0130S\u0130 CHEVROLET LACETTI \/ EVANDA \/ REZZO \/ DAEWOO LEGANZA \/ MAGNUS \/ NUBIRA \/ TACUMA \/ OPEL ASTRA F \/ ASTRA G \/ CALIBRA A \/ FRONTERA \/ KADETT E \/ OMEGA B \/ VECTRA A \/ VECTRA B \/ LADA 110"},"content":{"rendered":"","protected":false},"excerpt":{"rendered":"","protected":false},"featured_media":0,"template":"","meta":[],"product_brand":[426],"product_cat":[298],"product_tag":[378],"class_list":{"0":"post-11640","1":"product","2":"type-product","3":"status-publish","5":"arac_markasi_modeli-astra-f","6":"arac_markasi_modeli-astra-g","7":"arac_markasi_modeli-frontera","8":"arac_markasi_modeli-omega-b","9":"arac_markasi_modeli-opel","10":"arac_markasi_modeli-vectra-a","11":"arac_markasi_modeli-vectra-b","12":"product_brand-gmb","13":"product_cat-motor-mekanik-urunleri","14":"product_tag-altay","16":"first","17":"instock","18":"taxable","19":"shipping-taxable","20":"purchasable","21":"product-type-simple"},"jetpack_sharing_enabled":true,"_links":{"self":[{"href":"https:\/\/ozince.com\/magaza\/wp-json\/wp\/v2\/product\/11640","targetHints":{"allow":["GET"]}}],"collection":[{"href":"https:\/\/ozince.com\/magaza\/wp-json\/wp\/v2\/product"}],"about":[{"href":"https:\/\/ozince.com\/magaza\/wp-json\/wp\/v2\/types\/product"}],"wp:attachment":[{"href":"https:\/\/ozince.com\/magaza\/wp-json\/wp\/v2\/media?parent=11640"}],"wp:term":[{"taxonomy":"product_brand","embeddable":true,"href":"https:\/\/ozince.com\/magaza\/wp-json\/wp\/v2\/product_brand?post=11640"},{"taxonomy":"product_cat","embeddable":true,"href":"https:\/\/ozince.com\/magaza\/wp-json\/wp\/v2\/product_cat?post=11640"},{"taxonomy":"product_tag","embeddable":true,"href":"https:\/\/ozince.com\/magaza\/wp-json\/wp\/v2\/product_tag?post=11640"}],"curies":[{"name":"wp","href":"https:\/\/api.w.org\/{rel}","templated":true}]}}