{"id":11638,"date":"2026-02-26T08:25:01","date_gmt":"2026-02-26T05:25:01","guid":{"rendered":"https:\/\/ozince.com\/magaza\/kategorilenmemis\/ytt-2096-vites-korugu-kahverengi-orjinal-insignia-a-08-17\/"},"modified":"2026-02-26T08:25:03","modified_gmt":"2026-02-26T05:25:03","slug":"ytt-2096-vites-korugu-kahverengi-orjinal-insignia-a-08-17","status":"publish","type":"product","link":"https:\/\/ozince.com\/magaza\/aks-urunleri\/ytt-2096-vites-korugu-kahverengi-orjinal-insignia-a-08-17\/","title":{"rendered":"YTT-2096 V\u0130TES K\u00d6R\u00dc\u011e\u00dc KAHVERENG\u0130 (ORJ\u0130NAL) INSIGNIA A 08-17"},"content":{"rendered":"","protected":false},"excerpt":{"rendered":"","protected":false},"featured_media":13380,"template":"","meta":[],"product_brand":[413],"product_cat":[379],"product_tag":[378],"class_list":{"0":"post-11638","1":"product","2":"type-product","3":"status-publish","4":"has-post-thumbnail","6":"arac_markasi_modeli-insignia-a","7":"arac_markasi_modeli-opel","8":"product_brand-ytt","9":"product_cat-aks-urunleri","10":"product_tag-altay","12":"first","13":"outofstock","14":"taxable","15":"shipping-taxable","16":"purchasable","17":"product-type-simple"},"jetpack_sharing_enabled":true,"_links":{"self":[{"href":"https:\/\/ozince.com\/magaza\/wp-json\/wp\/v2\/product\/11638","targetHints":{"allow":["GET"]}}],"collection":[{"href":"https:\/\/ozince.com\/magaza\/wp-json\/wp\/v2\/product"}],"about":[{"href":"https:\/\/ozince.com\/magaza\/wp-json\/wp\/v2\/types\/product"}],"wp:featuredmedia":[{"embeddable":true,"href":"https:\/\/ozince.com\/magaza\/wp-json\/wp\/v2\/media\/13380"}],"wp:attachment":[{"href":"https:\/\/ozince.com\/magaza\/wp-json\/wp\/v2\/media?parent=11638"}],"wp:term":[{"taxonomy":"product_brand","embeddable":true,"href":"https:\/\/ozince.com\/magaza\/wp-json\/wp\/v2\/product_brand?post=11638"},{"taxonomy":"product_cat","embeddable":true,"href":"https:\/\/ozince.com\/magaza\/wp-json\/wp\/v2\/product_cat?post=11638"},{"taxonomy":"product_tag","embeddable":true,"href":"https:\/\/ozince.com\/magaza\/wp-json\/wp\/v2\/product_tag?post=11638"}],"curies":[{"name":"wp","href":"https:\/\/api.w.org\/{rel}","templated":true}]}}