{"id":11624,"date":"2026-05-01T08:26:30","date_gmt":"2026-05-01T05:26:30","guid":{"rendered":"https:\/\/ozince.com\/magaza\/kategorilenmemis\/snr-m25309-amortisor-ust-rulmani-vectra-c-astra-h-astra-j-zafira-b\/"},"modified":"2026-05-01T08:26:30","modified_gmt":"2026-05-01T05:26:30","slug":"snr-m25309-amortisor-ust-rulmani-vectra-c-astra-h-astra-j-zafira-b","status":"publish","type":"product","link":"https:\/\/ozince.com\/magaza\/aks-urunleri\/snr-m25309-amortisor-ust-rulmani-vectra-c-astra-h-astra-j-zafira-b\/","title":{"rendered":"SNR-M25309 AMORT\u0130S\u00d6R \u00dcST RULMANI VECTRA C \/  ASTRA H \/ ASTRA J \/ ZAFIRA B"},"content":{"rendered":"","protected":false},"excerpt":{"rendered":"","protected":false},"featured_media":14620,"template":"","meta":[],"product_brand":[308],"product_cat":[379],"product_tag":[378],"class_list":{"0":"post-11624","1":"product","2":"type-product","3":"status-publish","4":"has-post-thumbnail","6":"arac_markasi_modeli-astra-h","7":"arac_markasi_modeli-astra-j","8":"arac_markasi_modeli-opel","9":"arac_markasi_modeli-vectra-c","10":"arac_markasi_modeli-zafira-b","11":"product_brand-snr","12":"product_cat-aks-urunleri","13":"product_tag-altay","15":"first","16":"outofstock","17":"taxable","18":"shipping-taxable","19":"purchasable","20":"product-type-simple"},"jetpack_sharing_enabled":true,"_links":{"self":[{"href":"https:\/\/ozince.com\/magaza\/wp-json\/wp\/v2\/product\/11624","targetHints":{"allow":["GET"]}}],"collection":[{"href":"https:\/\/ozince.com\/magaza\/wp-json\/wp\/v2\/product"}],"about":[{"href":"https:\/\/ozince.com\/magaza\/wp-json\/wp\/v2\/types\/product"}],"wp:featuredmedia":[{"embeddable":true,"href":"https:\/\/ozince.com\/magaza\/wp-json\/wp\/v2\/media\/14620"}],"wp:attachment":[{"href":"https:\/\/ozince.com\/magaza\/wp-json\/wp\/v2\/media?parent=11624"}],"wp:term":[{"taxonomy":"product_brand","embeddable":true,"href":"https:\/\/ozince.com\/magaza\/wp-json\/wp\/v2\/product_brand?post=11624"},{"taxonomy":"product_cat","embeddable":true,"href":"https:\/\/ozince.com\/magaza\/wp-json\/wp\/v2\/product_cat?post=11624"},{"taxonomy":"product_tag","embeddable":true,"href":"https:\/\/ozince.com\/magaza\/wp-json\/wp\/v2\/product_tag?post=11624"}],"curies":[{"name":"wp","href":"https:\/\/api.w.org\/{rel}","templated":true}]}}