{"id":11618,"date":"2026-04-07T08:24:35","date_gmt":"2026-04-07T05:24:35","guid":{"rendered":"https:\/\/ozince.com\/magaza\/kategorilenmemis\/elr-491-980-takim-conta-astra-h-fiat-stilo-alfa-147-1-9cdti-1-9jti-skc-sizust\/"},"modified":"2026-04-07T08:24:37","modified_gmt":"2026-04-07T05:24:37","slug":"elr-491-980-takim-conta-astra-h-fiat-stilo-alfa-147-1-9cdti-1-9jti-skc-sizust","status":"publish","type":"product","link":"https:\/\/ozince.com\/magaza\/motor-mekanik-urunleri\/elr-491-980-takim-conta-astra-h-fiat-stilo-alfa-147-1-9cdti-1-9jti-skc-sizust\/","title":{"rendered":"ELR-491.980 TAKIM CONTA ASTRA H \/ FIAT ST\u0130LO \/ ALFA 147 1.9CDT\u0130-1.9JT\u0130 (SKC S\u0130Z)\u00dcST"},"content":{"rendered":"","protected":false},"excerpt":{"rendered":"","protected":false},"featured_media":11998,"template":"","meta":[],"product_brand":[421],"product_cat":[298],"product_tag":[378],"class_list":{"0":"post-11618","1":"product","2":"type-product","3":"status-publish","4":"has-post-thumbnail","6":"arac_markasi_modeli-astra-h","7":"arac_markasi_modeli-opel","8":"product_brand-elring","9":"product_cat-motor-mekanik-urunleri","10":"product_tag-altay","12":"first","13":"instock","14":"taxable","15":"shipping-taxable","16":"purchasable","17":"product-type-simple"},"jetpack_sharing_enabled":true,"_links":{"self":[{"href":"https:\/\/ozince.com\/magaza\/wp-json\/wp\/v2\/product\/11618","targetHints":{"allow":["GET"]}}],"collection":[{"href":"https:\/\/ozince.com\/magaza\/wp-json\/wp\/v2\/product"}],"about":[{"href":"https:\/\/ozince.com\/magaza\/wp-json\/wp\/v2\/types\/product"}],"wp:featuredmedia":[{"embeddable":true,"href":"https:\/\/ozince.com\/magaza\/wp-json\/wp\/v2\/media\/11998"}],"wp:attachment":[{"href":"https:\/\/ozince.com\/magaza\/wp-json\/wp\/v2\/media?parent=11618"}],"wp:term":[{"taxonomy":"product_brand","embeddable":true,"href":"https:\/\/ozince.com\/magaza\/wp-json\/wp\/v2\/product_brand?post=11618"},{"taxonomy":"product_cat","embeddable":true,"href":"https:\/\/ozince.com\/magaza\/wp-json\/wp\/v2\/product_cat?post=11618"},{"taxonomy":"product_tag","embeddable":true,"href":"https:\/\/ozince.com\/magaza\/wp-json\/wp\/v2\/product_tag?post=11618"}],"curies":[{"name":"wp","href":"https:\/\/api.w.org\/{rel}","templated":true}]}}