{"id":11616,"date":"2026-04-09T08:20:56","date_gmt":"2026-04-09T05:20:56","guid":{"rendered":"https:\/\/ozince.com\/magaza\/kategorilenmemis\/vr-61-10133-20-silindir-kapak-contasi-1-30mm-insignia-a-insignia-b-captiva-antara-b20dth\/"},"modified":"2026-04-09T08:20:57","modified_gmt":"2026-04-09T05:20:57","slug":"vr-61-10133-20-silindir-kapak-contasi-1-30mm-insignia-a-insignia-b-captiva-antara-b20dth","status":"publish","type":"product","link":"https:\/\/ozince.com\/magaza\/motor-mekanik-urunleri\/vr-61-10133-20-silindir-kapak-contasi-1-30mm-insignia-a-insignia-b-captiva-antara-b20dth\/","title":{"rendered":"VR-61-10133-20 S\u0130L\u0130ND\u0130R KAPAK CONTASI 1.30mm INSIGNIA A \/ INSIGNIA B \/ CAPTIVA \/ ANTARA B20DTH"},"content":{"rendered":"","protected":false},"excerpt":{"rendered":"","protected":false},"featured_media":14079,"template":"","meta":[],"product_brand":[422],"product_cat":[298],"product_tag":[378],"class_list":{"0":"post-11616","1":"product","2":"type-product","3":"status-publish","4":"has-post-thumbnail","6":"arac_markasi_modeli-insignia-a","7":"arac_markasi_modeli-insignia-b","8":"arac_markasi_modeli-opel","9":"product_brand-v-reinz","10":"product_cat-motor-mekanik-urunleri","11":"product_tag-altay","13":"first","14":"instock","15":"taxable","16":"shipping-taxable","17":"purchasable","18":"product-type-simple"},"jetpack_sharing_enabled":true,"_links":{"self":[{"href":"https:\/\/ozince.com\/magaza\/wp-json\/wp\/v2\/product\/11616","targetHints":{"allow":["GET"]}}],"collection":[{"href":"https:\/\/ozince.com\/magaza\/wp-json\/wp\/v2\/product"}],"about":[{"href":"https:\/\/ozince.com\/magaza\/wp-json\/wp\/v2\/types\/product"}],"wp:featuredmedia":[{"embeddable":true,"href":"https:\/\/ozince.com\/magaza\/wp-json\/wp\/v2\/media\/14079"}],"wp:attachment":[{"href":"https:\/\/ozince.com\/magaza\/wp-json\/wp\/v2\/media?parent=11616"}],"wp:term":[{"taxonomy":"product_brand","embeddable":true,"href":"https:\/\/ozince.com\/magaza\/wp-json\/wp\/v2\/product_brand?post=11616"},{"taxonomy":"product_cat","embeddable":true,"href":"https:\/\/ozince.com\/magaza\/wp-json\/wp\/v2\/product_cat?post=11616"},{"taxonomy":"product_tag","embeddable":true,"href":"https:\/\/ozince.com\/magaza\/wp-json\/wp\/v2\/product_tag?post=11616"}],"curies":[{"name":"wp","href":"https:\/\/api.w.org\/{rel}","templated":true}]}}