{"id":11610,"date":"2026-04-10T08:15:25","date_gmt":"2026-04-10T05:15:25","guid":{"rendered":"https:\/\/ozince.com\/magaza\/kategorilenmemis\/elr-757-497-kece-eksantrik-lacetti-t200-t250-f14d\/"},"modified":"2026-04-10T08:15:26","modified_gmt":"2026-04-10T05:15:26","slug":"elr-757-497-kece-eksantrik-lacetti-t200-t250-f14d","status":"publish","type":"product","link":"https:\/\/ozince.com\/magaza\/motor-mekanik-urunleri\/elr-757-497-kece-eksantrik-lacetti-t200-t250-f14d\/","title":{"rendered":"ELR-757.497 KE\u00c7E EKSANTR\u0130K LACETT\u0130 T200-T250 F14D"},"content":{"rendered":"","protected":false},"excerpt":{"rendered":"","protected":false},"featured_media":0,"template":"","meta":[],"product_brand":[421],"product_cat":[298],"product_tag":[378],"class_list":{"0":"post-11610","1":"product","2":"type-product","3":"status-publish","5":"arac_markasi_modeli-chevrolet","6":"arac_markasi_modeli-lacetti","7":"product_brand-elring","8":"product_cat-motor-mekanik-urunleri","9":"product_tag-altay","11":"first","12":"outofstock","13":"taxable","14":"shipping-taxable","15":"purchasable","16":"product-type-simple"},"jetpack_sharing_enabled":true,"_links":{"self":[{"href":"https:\/\/ozince.com\/magaza\/wp-json\/wp\/v2\/product\/11610","targetHints":{"allow":["GET"]}}],"collection":[{"href":"https:\/\/ozince.com\/magaza\/wp-json\/wp\/v2\/product"}],"about":[{"href":"https:\/\/ozince.com\/magaza\/wp-json\/wp\/v2\/types\/product"}],"wp:attachment":[{"href":"https:\/\/ozince.com\/magaza\/wp-json\/wp\/v2\/media?parent=11610"}],"wp:term":[{"taxonomy":"product_brand","embeddable":true,"href":"https:\/\/ozince.com\/magaza\/wp-json\/wp\/v2\/product_brand?post=11610"},{"taxonomy":"product_cat","embeddable":true,"href":"https:\/\/ozince.com\/magaza\/wp-json\/wp\/v2\/product_cat?post=11610"},{"taxonomy":"product_tag","embeddable":true,"href":"https:\/\/ozince.com\/magaza\/wp-json\/wp\/v2\/product_tag?post=11610"}],"curies":[{"name":"wp","href":"https:\/\/api.w.org\/{rel}","templated":true}]}}