{"id":11586,"date":"2026-04-05T08:20:02","date_gmt":"2026-04-05T05:20:02","guid":{"rendered":"https:\/\/ozince.com\/magaza\/kategorilenmemis\/trw-pmh180-fren-ana-merkez-astra-f-ate-fren-sistemi-icin\/"},"modified":"2026-04-05T08:20:05","modified_gmt":"2026-04-05T05:20:05","slug":"trw-pmh180-fren-ana-merkez-astra-f-ate-fren-sistemi-icin","status":"publish","type":"product","link":"https:\/\/ozince.com\/magaza\/fren-sistemi-urunleri\/trw-pmh180-fren-ana-merkez-astra-f-ate-fren-sistemi-icin\/","title":{"rendered":"TRW-PMH180 FREN ANA MERKEZ ASTRA F ATE FREN S\u0130STEM\u0130 \u0130\u00c7\u0130N"},"content":{"rendered":"","protected":false},"excerpt":{"rendered":"","protected":false},"featured_media":0,"template":"","meta":[],"product_brand":[294],"product_cat":[257],"product_tag":[378],"class_list":{"0":"post-11586","1":"product","2":"type-product","3":"status-publish","5":"arac_markasi_modeli-astra-f","6":"arac_markasi_modeli-opel","7":"product_brand-trw","8":"product_cat-fren-sistemi-urunleri","9":"product_tag-altay","11":"first","12":"outofstock","13":"taxable","14":"shipping-taxable","15":"purchasable","16":"product-type-simple"},"jetpack_sharing_enabled":true,"_links":{"self":[{"href":"https:\/\/ozince.com\/magaza\/wp-json\/wp\/v2\/product\/11586","targetHints":{"allow":["GET"]}}],"collection":[{"href":"https:\/\/ozince.com\/magaza\/wp-json\/wp\/v2\/product"}],"about":[{"href":"https:\/\/ozince.com\/magaza\/wp-json\/wp\/v2\/types\/product"}],"wp:attachment":[{"href":"https:\/\/ozince.com\/magaza\/wp-json\/wp\/v2\/media?parent=11586"}],"wp:term":[{"taxonomy":"product_brand","embeddable":true,"href":"https:\/\/ozince.com\/magaza\/wp-json\/wp\/v2\/product_brand?post=11586"},{"taxonomy":"product_cat","embeddable":true,"href":"https:\/\/ozince.com\/magaza\/wp-json\/wp\/v2\/product_cat?post=11586"},{"taxonomy":"product_tag","embeddable":true,"href":"https:\/\/ozince.com\/magaza\/wp-json\/wp\/v2\/product_tag?post=11586"}],"curies":[{"name":"wp","href":"https:\/\/api.w.org\/{rel}","templated":true}]}}