{"id":11578,"date":"2026-04-05T08:19:01","date_gmt":"2026-04-05T05:19:01","guid":{"rendered":"https:\/\/ozince.com\/magaza\/kategorilenmemis\/mhr-26002-tel-el-fren-vectra-a-88-95-diskli-absli-arka-sol\/"},"modified":"2026-04-05T08:19:02","modified_gmt":"2026-04-05T05:19:02","slug":"mhr-26002-tel-el-fren-vectra-a-88-95-diskli-absli-arka-sol","status":"publish","type":"product","link":"https:\/\/ozince.com\/magaza\/debriyaj-ve-el-fren-tel-urunleri\/mhr-26002-tel-el-fren-vectra-a-88-95-diskli-absli-arka-sol\/","title":{"rendered":"MHR-26002 TEL EL FREN VECTRA A    88-95 D\u0130SKL\u0130 ABSL\u0130 ARKA SOL"},"content":{"rendered":"","protected":false},"excerpt":{"rendered":"","protected":false},"featured_media":0,"template":"","meta":[],"product_brand":[288],"product_cat":[403],"product_tag":[378],"class_list":{"0":"post-11578","1":"product","2":"type-product","3":"status-publish","5":"arac_markasi_modeli-opel","6":"arac_markasi_modeli-vectra-a","7":"product_brand-maher","8":"product_cat-debriyaj-ve-el-fren-tel-urunleri","9":"product_tag-altay","11":"first","12":"instock","13":"taxable","14":"shipping-taxable","15":"purchasable","16":"product-type-simple"},"jetpack_sharing_enabled":true,"_links":{"self":[{"href":"https:\/\/ozince.com\/magaza\/wp-json\/wp\/v2\/product\/11578","targetHints":{"allow":["GET"]}}],"collection":[{"href":"https:\/\/ozince.com\/magaza\/wp-json\/wp\/v2\/product"}],"about":[{"href":"https:\/\/ozince.com\/magaza\/wp-json\/wp\/v2\/types\/product"}],"wp:attachment":[{"href":"https:\/\/ozince.com\/magaza\/wp-json\/wp\/v2\/media?parent=11578"}],"wp:term":[{"taxonomy":"product_brand","embeddable":true,"href":"https:\/\/ozince.com\/magaza\/wp-json\/wp\/v2\/product_brand?post=11578"},{"taxonomy":"product_cat","embeddable":true,"href":"https:\/\/ozince.com\/magaza\/wp-json\/wp\/v2\/product_cat?post=11578"},{"taxonomy":"product_tag","embeddable":true,"href":"https:\/\/ozince.com\/magaza\/wp-json\/wp\/v2\/product_tag?post=11578"}],"curies":[{"name":"wp","href":"https:\/\/api.w.org\/{rel}","templated":true}]}}