{"id":11574,"date":"2026-04-06T08:24:22","date_gmt":"2026-04-06T05:24:22","guid":{"rendered":"https:\/\/ozince.com\/magaza\/kategorilenmemis\/blp-adw193602-debriyaj-rulmani-hidrolik-astra-g-astra-h-astra-j-corsa-c-corsa-d-vectra-b-vectra-c\/"},"modified":"2026-04-06T08:24:23","modified_gmt":"2026-04-06T05:24:23","slug":"blp-adw193602-debriyaj-rulmani-hidrolik-astra-g-astra-h-astra-j-corsa-c-corsa-d-vectra-b-vectra-c","status":"publish","type":"product","link":"https:\/\/ozince.com\/magaza\/debriyaj-ve-sanziman-urunleri\/blp-adw193602-debriyaj-rulmani-hidrolik-astra-g-astra-h-astra-j-corsa-c-corsa-d-vectra-b-vectra-c\/","title":{"rendered":"BLP-ADW193602 DEBR\u0130YAJ RULMANI H\u0130DROL\u0130K ASTRA G \/ ASTRA H \/ ASTRA J \/ CORSA C \/ CORSA D \/ VECTRA B \/ VECTRA C"},"content":{"rendered":"","protected":false},"excerpt":{"rendered":"","protected":false},"featured_media":13098,"template":"","meta":[],"product_brand":[416],"product_cat":[347],"product_tag":[378],"class_list":{"0":"post-11574","1":"product","2":"type-product","3":"status-publish","4":"has-post-thumbnail","6":"arac_markasi_modeli-astra-g","7":"arac_markasi_modeli-astra-h","8":"arac_markasi_modeli-astra-j","9":"arac_markasi_modeli-corsa-c","10":"arac_markasi_modeli-corsa-d","11":"arac_markasi_modeli-opel","12":"arac_markasi_modeli-vectra-b","13":"arac_markasi_modeli-vectra-c","14":"product_brand-blueprin","15":"product_cat-debriyaj-ve-sanziman-urunleri","16":"product_tag-altay","18":"first","19":"instock","20":"taxable","21":"shipping-taxable","22":"purchasable","23":"product-type-simple"},"jetpack_sharing_enabled":true,"_links":{"self":[{"href":"https:\/\/ozince.com\/magaza\/wp-json\/wp\/v2\/product\/11574","targetHints":{"allow":["GET"]}}],"collection":[{"href":"https:\/\/ozince.com\/magaza\/wp-json\/wp\/v2\/product"}],"about":[{"href":"https:\/\/ozince.com\/magaza\/wp-json\/wp\/v2\/types\/product"}],"wp:featuredmedia":[{"embeddable":true,"href":"https:\/\/ozince.com\/magaza\/wp-json\/wp\/v2\/media\/13098"}],"wp:attachment":[{"href":"https:\/\/ozince.com\/magaza\/wp-json\/wp\/v2\/media?parent=11574"}],"wp:term":[{"taxonomy":"product_brand","embeddable":true,"href":"https:\/\/ozince.com\/magaza\/wp-json\/wp\/v2\/product_brand?post=11574"},{"taxonomy":"product_cat","embeddable":true,"href":"https:\/\/ozince.com\/magaza\/wp-json\/wp\/v2\/product_cat?post=11574"},{"taxonomy":"product_tag","embeddable":true,"href":"https:\/\/ozince.com\/magaza\/wp-json\/wp\/v2\/product_tag?post=11574"}],"curies":[{"name":"wp","href":"https:\/\/api.w.org\/{rel}","templated":true}]}}