{"id":11572,"date":"2026-04-07T08:24:19","date_gmt":"2026-04-07T05:24:19","guid":{"rendered":"https:\/\/ozince.com\/magaza\/kategorilenmemis\/del-ss10821-sensor-krank-devir-astra-g-vectra-b-vectra-c-omega-b-96-x20dth-y20dth-y22dtr-3-fisli-420-mm\/"},"modified":"2026-04-07T08:24:21","modified_gmt":"2026-04-07T05:24:21","slug":"del-ss10821-sensor-krank-devir-astra-g-vectra-b-vectra-c-omega-b-96-x20dth-y20dth-y22dtr-3-fisli-420-mm","status":"publish","type":"product","link":"https:\/\/ozince.com\/magaza\/sensor-ve-elektrik-urunleri\/del-ss10821-sensor-krank-devir-astra-g-vectra-b-vectra-c-omega-b-96-x20dth-y20dth-y22dtr-3-fisli-420-mm\/","title":{"rendered":"DEL-SS10821 SENS\u00d6R KRANK DEV\u0130R ASTRA G \/ VECTRA B \/ VECTRA C \/ OMEGA B 96= X20DTH-Y20DTH-Y22DTR 3 F\u0130\u015eL\u0130 420 MM"},"content":{"rendered":"","protected":false},"excerpt":{"rendered":"","protected":false},"featured_media":13834,"template":"","meta":[],"product_brand":[236],"product_cat":[374],"product_tag":[378],"class_list":{"0":"post-11572","1":"product","2":"type-product","3":"status-publish","4":"has-post-thumbnail","6":"arac_markasi_modeli-astra-g","7":"arac_markasi_modeli-omega-b","8":"arac_markasi_modeli-opel","9":"arac_markasi_modeli-vectra-b","10":"arac_markasi_modeli-vectra-c","11":"product_brand-delphi","12":"product_cat-sensor-ve-elektrik-urunleri","13":"product_tag-altay","15":"first","16":"instock","17":"taxable","18":"shipping-taxable","19":"purchasable","20":"product-type-simple"},"jetpack_sharing_enabled":true,"_links":{"self":[{"href":"https:\/\/ozince.com\/magaza\/wp-json\/wp\/v2\/product\/11572","targetHints":{"allow":["GET"]}}],"collection":[{"href":"https:\/\/ozince.com\/magaza\/wp-json\/wp\/v2\/product"}],"about":[{"href":"https:\/\/ozince.com\/magaza\/wp-json\/wp\/v2\/types\/product"}],"wp:featuredmedia":[{"embeddable":true,"href":"https:\/\/ozince.com\/magaza\/wp-json\/wp\/v2\/media\/13834"}],"wp:attachment":[{"href":"https:\/\/ozince.com\/magaza\/wp-json\/wp\/v2\/media?parent=11572"}],"wp:term":[{"taxonomy":"product_brand","embeddable":true,"href":"https:\/\/ozince.com\/magaza\/wp-json\/wp\/v2\/product_brand?post=11572"},{"taxonomy":"product_cat","embeddable":true,"href":"https:\/\/ozince.com\/magaza\/wp-json\/wp\/v2\/product_cat?post=11572"},{"taxonomy":"product_tag","embeddable":true,"href":"https:\/\/ozince.com\/magaza\/wp-json\/wp\/v2\/product_tag?post=11572"}],"curies":[{"name":"wp","href":"https:\/\/api.w.org\/{rel}","templated":true}]}}