{"id":11554,"date":"2026-05-01T08:26:07","date_gmt":"2026-05-01T05:26:07","guid":{"rendered":"https:\/\/ozince.com\/magaza\/kategorilenmemis\/fae-33485-musur-hararet-astra-g-astra-h-corsa-b-corsa-c-corsa-d-meriva-a-12xe-z12xe-p-z14xep-y20dt\/"},"modified":"2026-05-01T08:26:08","modified_gmt":"2026-05-01T05:26:08","slug":"fae-33485-musur-hararet-astra-g-astra-h-corsa-b-corsa-c-corsa-d-meriva-a-12xe-z12xe-p-z14xep-y20dt","status":"publish","type":"product","link":"https:\/\/ozince.com\/magaza\/sensor-ve-elektrik-urunleri\/fae-33485-musur-hararet-astra-g-astra-h-corsa-b-corsa-c-corsa-d-meriva-a-12xe-z12xe-p-z14xep-y20dt\/","title":{"rendered":"FAE-33485 M\u00dc\u015e\u00dcR HARARET ASTRA G \/ ASTRA H \/ CORSA B \/ CORSA C \/ CORSA D \/ MERIVA A 12XE-Z12XE-P-Z14XEP-Y20DT"},"content":{"rendered":"","protected":false},"excerpt":{"rendered":"","protected":false},"featured_media":15089,"template":"","meta":[],"product_brand":[428],"product_cat":[374],"product_tag":[378],"class_list":{"0":"post-11554","1":"product","2":"type-product","3":"status-publish","4":"has-post-thumbnail","6":"arac_markasi_modeli-astra-g","7":"arac_markasi_modeli-astra-h","8":"arac_markasi_modeli-corsa-b","9":"arac_markasi_modeli-corsa-c","10":"arac_markasi_modeli-corsa-d","11":"arac_markasi_modeli-meriva","12":"arac_markasi_modeli-meriva-a","13":"arac_markasi_modeli-opel","14":"product_brand-fae","15":"product_cat-sensor-ve-elektrik-urunleri","16":"product_tag-altay","18":"first","19":"outofstock","20":"taxable","21":"shipping-taxable","22":"purchasable","23":"product-type-simple"},"jetpack_sharing_enabled":true,"_links":{"self":[{"href":"https:\/\/ozince.com\/magaza\/wp-json\/wp\/v2\/product\/11554","targetHints":{"allow":["GET"]}}],"collection":[{"href":"https:\/\/ozince.com\/magaza\/wp-json\/wp\/v2\/product"}],"about":[{"href":"https:\/\/ozince.com\/magaza\/wp-json\/wp\/v2\/types\/product"}],"wp:featuredmedia":[{"embeddable":true,"href":"https:\/\/ozince.com\/magaza\/wp-json\/wp\/v2\/media\/15089"}],"wp:attachment":[{"href":"https:\/\/ozince.com\/magaza\/wp-json\/wp\/v2\/media?parent=11554"}],"wp:term":[{"taxonomy":"product_brand","embeddable":true,"href":"https:\/\/ozince.com\/magaza\/wp-json\/wp\/v2\/product_brand?post=11554"},{"taxonomy":"product_cat","embeddable":true,"href":"https:\/\/ozince.com\/magaza\/wp-json\/wp\/v2\/product_cat?post=11554"},{"taxonomy":"product_tag","embeddable":true,"href":"https:\/\/ozince.com\/magaza\/wp-json\/wp\/v2\/product_tag?post=11554"}],"curies":[{"name":"wp","href":"https:\/\/api.w.org\/{rel}","templated":true}]}}