{"id":11552,"date":"2026-04-09T08:20:39","date_gmt":"2026-04-09T05:20:39","guid":{"rendered":"https:\/\/ozince.com\/magaza\/kategorilenmemis\/mhr-51261-termostat-govdesi-plastik-corsa-e-mokka-adam-13-a14net-b14net-b14neh\/"},"modified":"2026-04-09T08:20:40","modified_gmt":"2026-04-09T05:20:40","slug":"mhr-51261-termostat-govdesi-plastik-corsa-e-mokka-adam-13-a14net-b14net-b14neh","status":"publish","type":"product","link":"https:\/\/ozince.com\/magaza\/motor-sogutma-ve-radyator-urunleri\/mhr-51261-termostat-govdesi-plastik-corsa-e-mokka-adam-13-a14net-b14net-b14neh\/","title":{"rendered":"MHR-51261 TERMOSTAT G\u00d6VDES\u0130 (PLAST\u0130K) CORSA E \/ MOKKA \/ ADAM 13= A14NET-B14NET-B14NEH"},"content":{"rendered":"","protected":false},"excerpt":{"rendered":"","protected":false},"featured_media":0,"template":"","meta":[],"product_brand":[288],"product_cat":[324],"product_tag":[378],"class_list":{"0":"post-11552","1":"product","2":"type-product","3":"status-publish","5":"arac_markasi_modeli-adam","6":"arac_markasi_modeli-corsa-e","7":"arac_markasi_modeli-mokka","8":"arac_markasi_modeli-opel","9":"product_brand-maher","10":"product_cat-motor-sogutma-ve-radyator-urunleri","11":"product_tag-altay","13":"first","14":"instock","15":"taxable","16":"shipping-taxable","17":"purchasable","18":"product-type-simple"},"jetpack_sharing_enabled":true,"_links":{"self":[{"href":"https:\/\/ozince.com\/magaza\/wp-json\/wp\/v2\/product\/11552","targetHints":{"allow":["GET"]}}],"collection":[{"href":"https:\/\/ozince.com\/magaza\/wp-json\/wp\/v2\/product"}],"about":[{"href":"https:\/\/ozince.com\/magaza\/wp-json\/wp\/v2\/types\/product"}],"wp:attachment":[{"href":"https:\/\/ozince.com\/magaza\/wp-json\/wp\/v2\/media?parent=11552"}],"wp:term":[{"taxonomy":"product_brand","embeddable":true,"href":"https:\/\/ozince.com\/magaza\/wp-json\/wp\/v2\/product_brand?post=11552"},{"taxonomy":"product_cat","embeddable":true,"href":"https:\/\/ozince.com\/magaza\/wp-json\/wp\/v2\/product_cat?post=11552"},{"taxonomy":"product_tag","embeddable":true,"href":"https:\/\/ozince.com\/magaza\/wp-json\/wp\/v2\/product_tag?post=11552"}],"curies":[{"name":"wp","href":"https:\/\/api.w.org\/{rel}","templated":true}]}}