{"id":11543,"date":"2026-04-11T08:19:27","date_gmt":"2026-04-11T05:19:27","guid":{"rendered":"https:\/\/ozince.com\/magaza\/kategorilenmemis\/gmb-gtb1110-triger-gergisi-chevrolet-captiva-06-12-opel-antara-06-12-2-0-dizel\/"},"modified":"2026-04-11T08:19:28","modified_gmt":"2026-04-11T05:19:28","slug":"gmb-gtb1110-triger-gergisi-chevrolet-captiva-06-12-opel-antara-06-12-2-0-dizel","status":"publish","type":"product","link":"https:\/\/ozince.com\/magaza\/motor-mekanik-urunleri\/gmb-gtb1110-triger-gergisi-chevrolet-captiva-06-12-opel-antara-06-12-2-0-dizel\/","title":{"rendered":"GMB-GTB1110 TR\u0130GER GERG\u0130S\u0130 CHEVROLET CAPTIVA 06-12 \/ OPEL ANTARA 06-12 2.0 D\u0130ZEL"},"content":{"rendered":"","protected":false},"excerpt":{"rendered":"","protected":false},"featured_media":15164,"template":"","meta":[],"product_brand":[426],"product_cat":[298],"product_tag":[378],"class_list":{"0":"post-11543","1":"product","2":"type-product","3":"status-publish","4":"has-post-thumbnail","6":"arac_markasi_modeli-antara","7":"arac_markasi_modeli-captiva","8":"arac_markasi_modeli-chevrolet","9":"product_brand-gmb","10":"product_cat-motor-mekanik-urunleri","11":"product_tag-altay","13":"first","14":"instock","15":"taxable","16":"shipping-taxable","17":"purchasable","18":"product-type-simple"},"jetpack_sharing_enabled":true,"_links":{"self":[{"href":"https:\/\/ozince.com\/magaza\/wp-json\/wp\/v2\/product\/11543","targetHints":{"allow":["GET"]}}],"collection":[{"href":"https:\/\/ozince.com\/magaza\/wp-json\/wp\/v2\/product"}],"about":[{"href":"https:\/\/ozince.com\/magaza\/wp-json\/wp\/v2\/types\/product"}],"wp:featuredmedia":[{"embeddable":true,"href":"https:\/\/ozince.com\/magaza\/wp-json\/wp\/v2\/media\/15164"}],"wp:attachment":[{"href":"https:\/\/ozince.com\/magaza\/wp-json\/wp\/v2\/media?parent=11543"}],"wp:term":[{"taxonomy":"product_brand","embeddable":true,"href":"https:\/\/ozince.com\/magaza\/wp-json\/wp\/v2\/product_brand?post=11543"},{"taxonomy":"product_cat","embeddable":true,"href":"https:\/\/ozince.com\/magaza\/wp-json\/wp\/v2\/product_cat?post=11543"},{"taxonomy":"product_tag","embeddable":true,"href":"https:\/\/ozince.com\/magaza\/wp-json\/wp\/v2\/product_tag?post=11543"}],"curies":[{"name":"wp","href":"https:\/\/api.w.org\/{rel}","templated":true}]}}