{"id":11527,"date":"2026-04-07T08:24:08","date_gmt":"2026-04-07T05:24:08","guid":{"rendered":"https:\/\/ozince.com\/magaza\/kategorilenmemis\/del-gn10234-12b1-atesleme-bobini-astra-j-09-16-1-6-t-insignia-08-1-6-corsa-e-14-1-6-16v-turbo-a16let\/"},"modified":"2026-04-07T08:24:09","modified_gmt":"2026-04-07T05:24:09","slug":"del-gn10234-12b1-atesleme-bobini-astra-j-09-16-1-6-t-insignia-08-1-6-corsa-e-14-1-6-16v-turbo-a16let","status":"publish","type":"product","link":"https:\/\/ozince.com\/magaza\/sensor-ve-elektrik-urunleri\/del-gn10234-12b1-atesleme-bobini-astra-j-09-16-1-6-t-insignia-08-1-6-corsa-e-14-1-6-16v-turbo-a16let\/","title":{"rendered":"DEL-GN10234-12B1 ATE\u015eLEME BOB\u0130N\u0130 ASTRA J 09-16 1.6 T \/ INSIGNIA 08= 1.6 \/ CORSA E 14= 1.6 16V TURBO \/ A16LET"},"content":{"rendered":"","protected":false},"excerpt":{"rendered":"","protected":false},"featured_media":13353,"template":"","meta":[],"product_brand":[236],"product_cat":[374],"product_tag":[378],"class_list":{"0":"post-11527","1":"product","2":"type-product","3":"status-publish","4":"has-post-thumbnail","6":"arac_markasi_modeli-astra-j","7":"arac_markasi_modeli-corsa-e","8":"arac_markasi_modeli-opel","9":"product_brand-delphi","10":"product_cat-sensor-ve-elektrik-urunleri","11":"product_tag-altay","13":"first","14":"instock","15":"taxable","16":"shipping-taxable","17":"purchasable","18":"product-type-simple"},"jetpack_sharing_enabled":true,"_links":{"self":[{"href":"https:\/\/ozince.com\/magaza\/wp-json\/wp\/v2\/product\/11527","targetHints":{"allow":["GET"]}}],"collection":[{"href":"https:\/\/ozince.com\/magaza\/wp-json\/wp\/v2\/product"}],"about":[{"href":"https:\/\/ozince.com\/magaza\/wp-json\/wp\/v2\/types\/product"}],"wp:featuredmedia":[{"embeddable":true,"href":"https:\/\/ozince.com\/magaza\/wp-json\/wp\/v2\/media\/13353"}],"wp:attachment":[{"href":"https:\/\/ozince.com\/magaza\/wp-json\/wp\/v2\/media?parent=11527"}],"wp:term":[{"taxonomy":"product_brand","embeddable":true,"href":"https:\/\/ozince.com\/magaza\/wp-json\/wp\/v2\/product_brand?post=11527"},{"taxonomy":"product_cat","embeddable":true,"href":"https:\/\/ozince.com\/magaza\/wp-json\/wp\/v2\/product_cat?post=11527"},{"taxonomy":"product_tag","embeddable":true,"href":"https:\/\/ozince.com\/magaza\/wp-json\/wp\/v2\/product_tag?post=11527"}],"curies":[{"name":"wp","href":"https:\/\/api.w.org\/{rel}","templated":true}]}}