{"id":11524,"date":"2026-04-17T08:21:19","date_gmt":"2026-04-17T05:21:19","guid":{"rendered":"https:\/\/ozince.com\/magaza\/kategorilenmemis\/mys-n7212510wm-amortisor-combo-c-01-06-yagli-arka\/"},"modified":"2026-04-17T08:21:20","modified_gmt":"2026-04-17T05:21:20","slug":"mys-n7212510wm-amortisor-combo-c-01-06-yagli-arka","status":"publish","type":"product","link":"https:\/\/ozince.com\/magaza\/alt-takim-urunleri\/mys-n7212510wm-amortisor-combo-c-01-06-yagli-arka\/","title":{"rendered":"MYS-N7212510WM AMORT\u0130S\u00d6R COMBO C 01-06 YA\u011eLI ARKA"},"content":{"rendered":"","protected":false},"excerpt":{"rendered":"","protected":false},"featured_media":0,"template":"","meta":[],"product_brand":[437],"product_cat":[382],"product_tag":[378],"class_list":{"0":"post-11524","1":"product","2":"type-product","3":"status-publish","5":"arac_markasi_modeli-combo-c","6":"arac_markasi_modeli-opel","7":"product_brand-maysan","8":"product_cat-alt-takim-urunleri","9":"product_tag-altay","11":"first","12":"instock","13":"taxable","14":"shipping-taxable","15":"purchasable","16":"product-type-simple"},"jetpack_sharing_enabled":true,"_links":{"self":[{"href":"https:\/\/ozince.com\/magaza\/wp-json\/wp\/v2\/product\/11524","targetHints":{"allow":["GET"]}}],"collection":[{"href":"https:\/\/ozince.com\/magaza\/wp-json\/wp\/v2\/product"}],"about":[{"href":"https:\/\/ozince.com\/magaza\/wp-json\/wp\/v2\/types\/product"}],"wp:attachment":[{"href":"https:\/\/ozince.com\/magaza\/wp-json\/wp\/v2\/media?parent=11524"}],"wp:term":[{"taxonomy":"product_brand","embeddable":true,"href":"https:\/\/ozince.com\/magaza\/wp-json\/wp\/v2\/product_brand?post=11524"},{"taxonomy":"product_cat","embeddable":true,"href":"https:\/\/ozince.com\/magaza\/wp-json\/wp\/v2\/product_cat?post=11524"},{"taxonomy":"product_tag","embeddable":true,"href":"https:\/\/ozince.com\/magaza\/wp-json\/wp\/v2\/product_tag?post=11524"}],"curies":[{"name":"wp","href":"https:\/\/api.w.org\/{rel}","templated":true}]}}