{"id":11523,"date":"2026-04-28T08:15:44","date_gmt":"2026-04-28T05:15:44","guid":{"rendered":"https:\/\/ozince.com\/magaza\/kategorilenmemis\/vr-12-36613-01-supap-lastigi-astra-g-98-07-astra-h-04-10-1-6-16v-z16xep-a16xer-a16let-a16xer-16li-paket\/"},"modified":"2026-04-28T08:15:44","modified_gmt":"2026-04-28T05:15:44","slug":"vr-12-36613-01-supap-lastigi-astra-g-98-07-astra-h-04-10-1-6-16v-z16xep-a16xer-a16let-a16xer-16li-paket","status":"publish","type":"product","link":"https:\/\/ozince.com\/magaza\/motor-mekanik-urunleri\/vr-12-36613-01-supap-lastigi-astra-g-98-07-astra-h-04-10-1-6-16v-z16xep-a16xer-a16let-a16xer-16li-paket\/","title":{"rendered":"VR-12-36613-01 SUPAP LAST\u0130\u011e\u0130 ASTRA G  98-07 \/ ASTRA H 04-10 \/ 1.6 16V (Z16XEP-A16XER-A16LET-A16XER) 16LI PAKET"},"content":{"rendered":"","protected":false},"excerpt":{"rendered":"","protected":false},"featured_media":14563,"template":"","meta":[],"product_brand":[422],"product_cat":[298],"product_tag":[378],"class_list":{"0":"post-11523","1":"product","2":"type-product","3":"status-publish","4":"has-post-thumbnail","6":"arac_markasi_modeli-astra-g","7":"arac_markasi_modeli-astra-h","8":"arac_markasi_modeli-opel","9":"product_brand-v-reinz","10":"product_cat-motor-mekanik-urunleri","11":"product_tag-altay","13":"first","14":"outofstock","15":"taxable","16":"shipping-taxable","17":"purchasable","18":"product-type-simple"},"jetpack_sharing_enabled":true,"_links":{"self":[{"href":"https:\/\/ozince.com\/magaza\/wp-json\/wp\/v2\/product\/11523","targetHints":{"allow":["GET"]}}],"collection":[{"href":"https:\/\/ozince.com\/magaza\/wp-json\/wp\/v2\/product"}],"about":[{"href":"https:\/\/ozince.com\/magaza\/wp-json\/wp\/v2\/types\/product"}],"wp:featuredmedia":[{"embeddable":true,"href":"https:\/\/ozince.com\/magaza\/wp-json\/wp\/v2\/media\/14563"}],"wp:attachment":[{"href":"https:\/\/ozince.com\/magaza\/wp-json\/wp\/v2\/media?parent=11523"}],"wp:term":[{"taxonomy":"product_brand","embeddable":true,"href":"https:\/\/ozince.com\/magaza\/wp-json\/wp\/v2\/product_brand?post=11523"},{"taxonomy":"product_cat","embeddable":true,"href":"https:\/\/ozince.com\/magaza\/wp-json\/wp\/v2\/product_cat?post=11523"},{"taxonomy":"product_tag","embeddable":true,"href":"https:\/\/ozince.com\/magaza\/wp-json\/wp\/v2\/product_tag?post=11523"}],"curies":[{"name":"wp","href":"https:\/\/api.w.org\/{rel}","templated":true}]}}