{"id":11506,"date":"2026-05-01T08:25:53","date_gmt":"2026-05-01T05:25:53","guid":{"rendered":"https:\/\/ozince.com\/magaza\/kategorilenmemis\/fae-32705-musur-hararet-insignia-mokka-adam-aveo-zafira-b-meriva-a-meriva-b\/"},"modified":"2026-05-01T08:25:54","modified_gmt":"2026-05-01T05:25:54","slug":"fae-32705-musur-hararet-insignia-mokka-adam-aveo-zafira-b-meriva-a-meriva-b","status":"publish","type":"product","link":"https:\/\/ozince.com\/magaza\/sensor-ve-elektrik-urunleri\/fae-32705-musur-hararet-insignia-mokka-adam-aveo-zafira-b-meriva-a-meriva-b\/","title":{"rendered":"FAE-32705 M\u00dc\u015e\u00dcR HARARET INSIGNIA \/ MOKKA \/ ADAM \/ AVEO \/ ZAF\u0130RA B \/ MER\u0130VA A \/ MERIVA B"},"content":{"rendered":"","protected":false},"excerpt":{"rendered":"","protected":false},"featured_media":13923,"template":"","meta":[],"product_brand":[428],"product_cat":[374],"product_tag":[378],"class_list":{"0":"post-11506","1":"product","2":"type-product","3":"status-publish","4":"has-post-thumbnail","6":"arac_markasi_modeli-adam","7":"arac_markasi_modeli-meriva","8":"arac_markasi_modeli-meriva-a","9":"arac_markasi_modeli-meriva-b","10":"arac_markasi_modeli-mokka","11":"arac_markasi_modeli-opel","12":"arac_markasi_modeli-zafira-b","13":"product_brand-fae","14":"product_cat-sensor-ve-elektrik-urunleri","15":"product_tag-altay","17":"first","18":"outofstock","19":"taxable","20":"shipping-taxable","21":"purchasable","22":"product-type-simple"},"jetpack_sharing_enabled":true,"_links":{"self":[{"href":"https:\/\/ozince.com\/magaza\/wp-json\/wp\/v2\/product\/11506","targetHints":{"allow":["GET"]}}],"collection":[{"href":"https:\/\/ozince.com\/magaza\/wp-json\/wp\/v2\/product"}],"about":[{"href":"https:\/\/ozince.com\/magaza\/wp-json\/wp\/v2\/types\/product"}],"wp:featuredmedia":[{"embeddable":true,"href":"https:\/\/ozince.com\/magaza\/wp-json\/wp\/v2\/media\/13923"}],"wp:attachment":[{"href":"https:\/\/ozince.com\/magaza\/wp-json\/wp\/v2\/media?parent=11506"}],"wp:term":[{"taxonomy":"product_brand","embeddable":true,"href":"https:\/\/ozince.com\/magaza\/wp-json\/wp\/v2\/product_brand?post=11506"},{"taxonomy":"product_cat","embeddable":true,"href":"https:\/\/ozince.com\/magaza\/wp-json\/wp\/v2\/product_cat?post=11506"},{"taxonomy":"product_tag","embeddable":true,"href":"https:\/\/ozince.com\/magaza\/wp-json\/wp\/v2\/product_tag?post=11506"}],"curies":[{"name":"wp","href":"https:\/\/api.w.org\/{rel}","templated":true}]}}