{"id":11505,"date":"2025-10-14T14:15:08","date_gmt":"2025-10-14T11:15:08","guid":{"rendered":"https:\/\/ozince.com\/magaza\/kategorilenmemis\/ytt-1453-viraj-lastigi-astra-h-meriva-a-combo-c-on-21mm\/"},"modified":"2025-11-25T13:47:14","modified_gmt":"2025-11-25T10:47:14","slug":"ytt-1453-viraj-lastigi-astra-h-meriva-a-combo-c-on-21mm","status":"publish","type":"product","link":"https:\/\/ozince.com\/magaza\/alt-takim-urunleri\/ytt-1453-viraj-lastigi-astra-h-meriva-a-combo-c-on-21mm\/","title":{"rendered":"YTT-1453 V\u0130RAJ LAST\u0130\u011e\u0130 ASTRA H \/ MERIVA A \/ COMBO C \u00d6N 21mm"},"content":{"rendered":"","protected":false},"excerpt":{"rendered":"","protected":false},"featured_media":13390,"template":"","meta":[],"product_brand":[413],"product_cat":[382],"product_tag":[378],"class_list":{"0":"post-11505","1":"product","2":"type-product","3":"status-publish","4":"has-post-thumbnail","6":"arac_markasi_modeli-astra-h","7":"arac_markasi_modeli-combo-c","8":"arac_markasi_modeli-meriva","9":"arac_markasi_modeli-meriva-a","10":"arac_markasi_modeli-opel","11":"product_brand-ytt","12":"product_cat-alt-takim-urunleri","13":"product_tag-altay","15":"first","16":"instock","17":"taxable","18":"shipping-taxable","19":"purchasable","20":"product-type-simple"},"jetpack_sharing_enabled":true,"_links":{"self":[{"href":"https:\/\/ozince.com\/magaza\/wp-json\/wp\/v2\/product\/11505","targetHints":{"allow":["GET"]}}],"collection":[{"href":"https:\/\/ozince.com\/magaza\/wp-json\/wp\/v2\/product"}],"about":[{"href":"https:\/\/ozince.com\/magaza\/wp-json\/wp\/v2\/types\/product"}],"wp:featuredmedia":[{"embeddable":true,"href":"https:\/\/ozince.com\/magaza\/wp-json\/wp\/v2\/media\/13390"}],"wp:attachment":[{"href":"https:\/\/ozince.com\/magaza\/wp-json\/wp\/v2\/media?parent=11505"}],"wp:term":[{"taxonomy":"product_brand","embeddable":true,"href":"https:\/\/ozince.com\/magaza\/wp-json\/wp\/v2\/product_brand?post=11505"},{"taxonomy":"product_cat","embeddable":true,"href":"https:\/\/ozince.com\/magaza\/wp-json\/wp\/v2\/product_cat?post=11505"},{"taxonomy":"product_tag","embeddable":true,"href":"https:\/\/ozince.com\/magaza\/wp-json\/wp\/v2\/product_tag?post=11505"}],"curies":[{"name":"wp","href":"https:\/\/api.w.org\/{rel}","templated":true}]}}