{"id":11500,"date":"2026-02-12T08:22:34","date_gmt":"2026-02-12T05:22:34","guid":{"rendered":"https:\/\/ozince.com\/magaza\/kategorilenmemis\/uce-95117-hortum-corsa-b-93-00-c12nz-c14nz-x14sz-giris\/"},"modified":"2026-02-12T08:22:35","modified_gmt":"2026-02-12T05:22:35","slug":"uce-95117-hortum-corsa-b-93-00-c12nz-c14nz-x14sz-giris","status":"publish","type":"product","link":"https:\/\/ozince.com\/magaza\/motor-sogutma-ve-radyator-urunleri\/uce-95117-hortum-corsa-b-93-00-c12nz-c14nz-x14sz-giris\/","title":{"rendered":"UCE-95117 HORTUM CORSA B 93-00 C12NZ-C14NZ-X14SZ G\u0130R\u0130\u015e"},"content":{"rendered":"","protected":false},"excerpt":{"rendered":"","protected":false},"featured_media":0,"template":"","meta":[],"product_brand":[414],"product_cat":[324],"product_tag":[378],"class_list":{"0":"post-11500","1":"product","2":"type-product","3":"status-publish","5":"arac_markasi_modeli-corsa-b","6":"arac_markasi_modeli-opel","7":"product_brand-ucel","8":"product_cat-motor-sogutma-ve-radyator-urunleri","9":"product_tag-altay","11":"first","12":"outofstock","13":"taxable","14":"shipping-taxable","15":"purchasable","16":"product-type-simple"},"jetpack_sharing_enabled":true,"_links":{"self":[{"href":"https:\/\/ozince.com\/magaza\/wp-json\/wp\/v2\/product\/11500","targetHints":{"allow":["GET"]}}],"collection":[{"href":"https:\/\/ozince.com\/magaza\/wp-json\/wp\/v2\/product"}],"about":[{"href":"https:\/\/ozince.com\/magaza\/wp-json\/wp\/v2\/types\/product"}],"wp:attachment":[{"href":"https:\/\/ozince.com\/magaza\/wp-json\/wp\/v2\/media?parent=11500"}],"wp:term":[{"taxonomy":"product_brand","embeddable":true,"href":"https:\/\/ozince.com\/magaza\/wp-json\/wp\/v2\/product_brand?post=11500"},{"taxonomy":"product_cat","embeddable":true,"href":"https:\/\/ozince.com\/magaza\/wp-json\/wp\/v2\/product_cat?post=11500"},{"taxonomy":"product_tag","embeddable":true,"href":"https:\/\/ozince.com\/magaza\/wp-json\/wp\/v2\/product_tag?post=11500"}],"curies":[{"name":"wp","href":"https:\/\/api.w.org\/{rel}","templated":true}]}}