{"id":11499,"date":"2026-04-10T08:15:06","date_gmt":"2026-04-10T05:15:06","guid":{"rendered":"https:\/\/ozince.com\/magaza\/kategorilenmemis\/del-ls1621-fren-balata-astra-f-corsa-b-corsa-c-tigra-a-abs-siz-levyeli-pabuc-arka\/"},"modified":"2026-04-10T08:15:07","modified_gmt":"2026-04-10T05:15:07","slug":"del-ls1621-fren-balata-astra-f-corsa-b-corsa-c-tigra-a-abs-siz-levyeli-pabuc-arka","status":"publish","type":"product","link":"https:\/\/ozince.com\/magaza\/fren-sistemi-urunleri\/del-ls1621-fren-balata-astra-f-corsa-b-corsa-c-tigra-a-abs-siz-levyeli-pabuc-arka\/","title":{"rendered":"DEL-LS1621 FREN BALATA ASTRA F \/ CORSA B \/ CORSA C \/ TIGRA A  ABS S\u0130Z LEVYEL\u0130 PABU\u00c7 ARKA"},"content":{"rendered":"","protected":false},"excerpt":{"rendered":"","protected":false},"featured_media":13815,"template":"","meta":[],"product_brand":[236],"product_cat":[257],"product_tag":[378],"class_list":{"0":"post-11499","1":"product","2":"type-product","3":"status-publish","4":"has-post-thumbnail","6":"arac_markasi_modeli-astra-f","7":"arac_markasi_modeli-corsa-b","8":"arac_markasi_modeli-corsa-c","9":"arac_markasi_modeli-opel","10":"arac_markasi_modeli-tigra","11":"product_brand-delphi","12":"product_cat-fren-sistemi-urunleri","13":"product_tag-altay","15":"first","16":"instock","17":"taxable","18":"shipping-taxable","19":"purchasable","20":"product-type-simple"},"jetpack_sharing_enabled":true,"_links":{"self":[{"href":"https:\/\/ozince.com\/magaza\/wp-json\/wp\/v2\/product\/11499","targetHints":{"allow":["GET"]}}],"collection":[{"href":"https:\/\/ozince.com\/magaza\/wp-json\/wp\/v2\/product"}],"about":[{"href":"https:\/\/ozince.com\/magaza\/wp-json\/wp\/v2\/types\/product"}],"wp:featuredmedia":[{"embeddable":true,"href":"https:\/\/ozince.com\/magaza\/wp-json\/wp\/v2\/media\/13815"}],"wp:attachment":[{"href":"https:\/\/ozince.com\/magaza\/wp-json\/wp\/v2\/media?parent=11499"}],"wp:term":[{"taxonomy":"product_brand","embeddable":true,"href":"https:\/\/ozince.com\/magaza\/wp-json\/wp\/v2\/product_brand?post=11499"},{"taxonomy":"product_cat","embeddable":true,"href":"https:\/\/ozince.com\/magaza\/wp-json\/wp\/v2\/product_cat?post=11499"},{"taxonomy":"product_tag","embeddable":true,"href":"https:\/\/ozince.com\/magaza\/wp-json\/wp\/v2\/product_tag?post=11499"}],"curies":[{"name":"wp","href":"https:\/\/api.w.org\/{rel}","templated":true}]}}