{"id":11495,"date":"2026-04-06T08:23:57","date_gmt":"2026-04-06T05:23:57","guid":{"rendered":"https:\/\/ozince.com\/magaza\/kategorilenmemis\/bhr-ac376000s-radyator-klimakondenserastra-h-04-10-z13dth-z17dth-z19dtj-uzun-tip\/"},"modified":"2026-04-06T08:23:58","modified_gmt":"2026-04-06T05:23:58","slug":"bhr-ac376000s-radyator-klimakondenserastra-h-04-10-z13dth-z17dth-z19dtj-uzun-tip","status":"publish","type":"product","link":"https:\/\/ozince.com\/magaza\/motor-sogutma-ve-radyator-urunleri\/bhr-ac376000s-radyator-klimakondenserastra-h-04-10-z13dth-z17dth-z19dtj-uzun-tip\/","title":{"rendered":"BHR-AC376000S RADYAT\u00d6R KL\u0130MA(KONDENSER)ASTRA H 04-10 Z13DTH-Z17DTH-Z19DTJ UZUN T\u0130P"},"content":{"rendered":"","protected":false},"excerpt":{"rendered":"","protected":false},"featured_media":13226,"template":"","meta":[],"product_brand":[430],"product_cat":[324],"product_tag":[378],"class_list":{"0":"post-11495","1":"product","2":"type-product","3":"status-publish","4":"has-post-thumbnail","6":"arac_markasi_modeli-astra-h","7":"arac_markasi_modeli-opel","8":"product_brand-behr","9":"product_cat-motor-sogutma-ve-radyator-urunleri","10":"product_tag-altay","12":"first","13":"instock","14":"taxable","15":"shipping-taxable","16":"purchasable","17":"product-type-simple"},"jetpack_sharing_enabled":true,"_links":{"self":[{"href":"https:\/\/ozince.com\/magaza\/wp-json\/wp\/v2\/product\/11495","targetHints":{"allow":["GET"]}}],"collection":[{"href":"https:\/\/ozince.com\/magaza\/wp-json\/wp\/v2\/product"}],"about":[{"href":"https:\/\/ozince.com\/magaza\/wp-json\/wp\/v2\/types\/product"}],"wp:featuredmedia":[{"embeddable":true,"href":"https:\/\/ozince.com\/magaza\/wp-json\/wp\/v2\/media\/13226"}],"wp:attachment":[{"href":"https:\/\/ozince.com\/magaza\/wp-json\/wp\/v2\/media?parent=11495"}],"wp:term":[{"taxonomy":"product_brand","embeddable":true,"href":"https:\/\/ozince.com\/magaza\/wp-json\/wp\/v2\/product_brand?post=11495"},{"taxonomy":"product_cat","embeddable":true,"href":"https:\/\/ozince.com\/magaza\/wp-json\/wp\/v2\/product_cat?post=11495"},{"taxonomy":"product_tag","embeddable":true,"href":"https:\/\/ozince.com\/magaza\/wp-json\/wp\/v2\/product_tag?post=11495"}],"curies":[{"name":"wp","href":"https:\/\/api.w.org\/{rel}","templated":true}]}}