{"id":11484,"date":"2026-04-07T08:22:57","date_gmt":"2026-04-07T05:22:57","guid":{"rendered":"https:\/\/ozince.com\/magaza\/kategorilenmemis\/vr-14-10015-01-civata-silindir-kapak-saplamasi-insignia-astra-k-b14xnt-b15sfl\/"},"modified":"2026-04-07T08:22:57","modified_gmt":"2026-04-07T05:22:57","slug":"vr-14-10015-01-civata-silindir-kapak-saplamasi-insignia-astra-k-b14xnt-b15sfl","status":"publish","type":"product","link":"https:\/\/ozince.com\/magaza\/motor-mekanik-urunleri\/vr-14-10015-01-civata-silindir-kapak-saplamasi-insignia-astra-k-b14xnt-b15sfl\/","title":{"rendered":"VR-14-10015-01 C\u0130VATA S\u0130L\u0130ND\u0130R KAPAK SAPLAMASI INSIGNIA \/ ASTRA K B14XNT-B15SFL"},"content":{"rendered":"","protected":false},"excerpt":{"rendered":"","protected":false},"featured_media":0,"template":"","meta":[],"product_brand":[422],"product_cat":[298],"product_tag":[378],"class_list":{"0":"post-11484","1":"product","2":"type-product","3":"status-publish","5":"arac_markasi_modeli-astra-k","6":"arac_markasi_modeli-opel","7":"product_brand-v-reinz","8":"product_cat-motor-mekanik-urunleri","9":"product_tag-altay","11":"first","12":"outofstock","13":"taxable","14":"shipping-taxable","15":"purchasable","16":"product-type-simple"},"jetpack_sharing_enabled":true,"_links":{"self":[{"href":"https:\/\/ozince.com\/magaza\/wp-json\/wp\/v2\/product\/11484","targetHints":{"allow":["GET"]}}],"collection":[{"href":"https:\/\/ozince.com\/magaza\/wp-json\/wp\/v2\/product"}],"about":[{"href":"https:\/\/ozince.com\/magaza\/wp-json\/wp\/v2\/types\/product"}],"wp:attachment":[{"href":"https:\/\/ozince.com\/magaza\/wp-json\/wp\/v2\/media?parent=11484"}],"wp:term":[{"taxonomy":"product_brand","embeddable":true,"href":"https:\/\/ozince.com\/magaza\/wp-json\/wp\/v2\/product_brand?post=11484"},{"taxonomy":"product_cat","embeddable":true,"href":"https:\/\/ozince.com\/magaza\/wp-json\/wp\/v2\/product_cat?post=11484"},{"taxonomy":"product_tag","embeddable":true,"href":"https:\/\/ozince.com\/magaza\/wp-json\/wp\/v2\/product_tag?post=11484"}],"curies":[{"name":"wp","href":"https:\/\/api.w.org\/{rel}","templated":true}]}}