{"id":11477,"date":"2026-04-10T08:15:02","date_gmt":"2026-04-10T05:15:02","guid":{"rendered":"https:\/\/ozince.com\/magaza\/kategorilenmemis\/vr-61-33820-00-silindir-kapak-conta-vectra-b-96-02-astra-g-98-07-2-0d-y20dth-1-3mm\/"},"modified":"2026-04-10T08:15:02","modified_gmt":"2026-04-10T05:15:02","slug":"vr-61-33820-00-silindir-kapak-conta-vectra-b-96-02-astra-g-98-07-2-0d-y20dth-1-3mm","status":"publish","type":"product","link":"https:\/\/ozince.com\/magaza\/motor-mekanik-urunleri\/vr-61-33820-00-silindir-kapak-conta-vectra-b-96-02-astra-g-98-07-2-0d-y20dth-1-3mm\/","title":{"rendered":"VR-61-33820-00 S\u0130L\u0130ND\u0130R KAPAK CONTA VECTRA B  96-02 \/ ASTRA G 98-07 \/ 2.0D (Y20DTH) 1.3mm"},"content":{"rendered":"","protected":false},"excerpt":{"rendered":"","protected":false},"featured_media":0,"template":"","meta":[],"product_brand":[422],"product_cat":[298],"product_tag":[378],"class_list":{"0":"post-11477","1":"product","2":"type-product","3":"status-publish","5":"arac_markasi_modeli-astra-g","6":"arac_markasi_modeli-opel","7":"arac_markasi_modeli-vectra-b","8":"product_brand-v-reinz","9":"product_cat-motor-mekanik-urunleri","10":"product_tag-altay","12":"first","13":"outofstock","14":"taxable","15":"shipping-taxable","16":"purchasable","17":"product-type-simple"},"jetpack_sharing_enabled":true,"_links":{"self":[{"href":"https:\/\/ozince.com\/magaza\/wp-json\/wp\/v2\/product\/11477","targetHints":{"allow":["GET"]}}],"collection":[{"href":"https:\/\/ozince.com\/magaza\/wp-json\/wp\/v2\/product"}],"about":[{"href":"https:\/\/ozince.com\/magaza\/wp-json\/wp\/v2\/types\/product"}],"wp:attachment":[{"href":"https:\/\/ozince.com\/magaza\/wp-json\/wp\/v2\/media?parent=11477"}],"wp:term":[{"taxonomy":"product_brand","embeddable":true,"href":"https:\/\/ozince.com\/magaza\/wp-json\/wp\/v2\/product_brand?post=11477"},{"taxonomy":"product_cat","embeddable":true,"href":"https:\/\/ozince.com\/magaza\/wp-json\/wp\/v2\/product_cat?post=11477"},{"taxonomy":"product_tag","embeddable":true,"href":"https:\/\/ozince.com\/magaza\/wp-json\/wp\/v2\/product_tag?post=11477"}],"curies":[{"name":"wp","href":"https:\/\/api.w.org\/{rel}","templated":true}]}}