{"id":11475,"date":"2026-04-10T08:14:01","date_gmt":"2026-04-10T05:14:01","guid":{"rendered":"https:\/\/ozince.com\/magaza\/kategorilenmemis\/sac-317495-amortisor-corsa-e-14-18-gazli-on-sol\/"},"modified":"2026-04-10T08:14:02","modified_gmt":"2026-04-10T05:14:02","slug":"sac-317495-amortisor-corsa-e-14-18-gazli-on-sol","status":"publish","type":"product","link":"https:\/\/ozince.com\/magaza\/alt-takim-urunleri\/sac-317495-amortisor-corsa-e-14-18-gazli-on-sol\/","title":{"rendered":"SAC-317495 AMORT\u0130S\u00d6R CORSA E 14-18 GAZLI \u00d6N SOL"},"content":{"rendered":"","protected":false},"excerpt":{"rendered":"","protected":false},"featured_media":0,"template":"","meta":[],"product_brand":[424],"product_cat":[382],"product_tag":[378],"class_list":{"0":"post-11475","1":"product","2":"type-product","3":"status-publish","5":"arac_markasi_modeli-corsa-e","6":"arac_markasi_modeli-opel","7":"product_brand-sachs-ya","8":"product_cat-alt-takim-urunleri","9":"product_tag-altay","11":"first","12":"outofstock","13":"taxable","14":"shipping-taxable","15":"purchasable","16":"product-type-simple"},"jetpack_sharing_enabled":true,"_links":{"self":[{"href":"https:\/\/ozince.com\/magaza\/wp-json\/wp\/v2\/product\/11475","targetHints":{"allow":["GET"]}}],"collection":[{"href":"https:\/\/ozince.com\/magaza\/wp-json\/wp\/v2\/product"}],"about":[{"href":"https:\/\/ozince.com\/magaza\/wp-json\/wp\/v2\/types\/product"}],"wp:attachment":[{"href":"https:\/\/ozince.com\/magaza\/wp-json\/wp\/v2\/media?parent=11475"}],"wp:term":[{"taxonomy":"product_brand","embeddable":true,"href":"https:\/\/ozince.com\/magaza\/wp-json\/wp\/v2\/product_brand?post=11475"},{"taxonomy":"product_cat","embeddable":true,"href":"https:\/\/ozince.com\/magaza\/wp-json\/wp\/v2\/product_cat?post=11475"},{"taxonomy":"product_tag","embeddable":true,"href":"https:\/\/ozince.com\/magaza\/wp-json\/wp\/v2\/product_tag?post=11475"}],"curies":[{"name":"wp","href":"https:\/\/api.w.org\/{rel}","templated":true}]}}