{"id":11473,"date":"2026-04-28T08:15:33","date_gmt":"2026-04-28T05:15:33","guid":{"rendered":"https:\/\/ozince.com\/magaza\/kategorilenmemis\/vr-61-10311-00-silindir-kapak-contasi-insignia-a-insignia-b-a20nht\/"},"modified":"2026-04-28T08:15:34","modified_gmt":"2026-04-28T05:15:34","slug":"vr-61-10311-00-silindir-kapak-contasi-insignia-a-insignia-b-a20nht","status":"publish","type":"product","link":"https:\/\/ozince.com\/magaza\/motor-mekanik-urunleri\/vr-61-10311-00-silindir-kapak-contasi-insignia-a-insignia-b-a20nht\/","title":{"rendered":"VR-61-10311-00 S\u0130L\u0130ND\u0130R KAPAK CONTASI INSIGNIA A \/ INSIGNIA B A20NHT"},"content":{"rendered":"","protected":false},"excerpt":{"rendered":"","protected":false},"featured_media":14082,"template":"","meta":[],"product_brand":[422],"product_cat":[298],"product_tag":[378],"class_list":{"0":"post-11473","1":"product","2":"type-product","3":"status-publish","4":"has-post-thumbnail","6":"arac_markasi_modeli-insignia-a","7":"arac_markasi_modeli-insignia-b","8":"arac_markasi_modeli-opel","9":"product_brand-v-reinz","10":"product_cat-motor-mekanik-urunleri","11":"product_tag-altay","13":"first","14":"outofstock","15":"taxable","16":"shipping-taxable","17":"purchasable","18":"product-type-simple"},"jetpack_sharing_enabled":true,"_links":{"self":[{"href":"https:\/\/ozince.com\/magaza\/wp-json\/wp\/v2\/product\/11473","targetHints":{"allow":["GET"]}}],"collection":[{"href":"https:\/\/ozince.com\/magaza\/wp-json\/wp\/v2\/product"}],"about":[{"href":"https:\/\/ozince.com\/magaza\/wp-json\/wp\/v2\/types\/product"}],"wp:featuredmedia":[{"embeddable":true,"href":"https:\/\/ozince.com\/magaza\/wp-json\/wp\/v2\/media\/14082"}],"wp:attachment":[{"href":"https:\/\/ozince.com\/magaza\/wp-json\/wp\/v2\/media?parent=11473"}],"wp:term":[{"taxonomy":"product_brand","embeddable":true,"href":"https:\/\/ozince.com\/magaza\/wp-json\/wp\/v2\/product_brand?post=11473"},{"taxonomy":"product_cat","embeddable":true,"href":"https:\/\/ozince.com\/magaza\/wp-json\/wp\/v2\/product_cat?post=11473"},{"taxonomy":"product_tag","embeddable":true,"href":"https:\/\/ozince.com\/magaza\/wp-json\/wp\/v2\/product_tag?post=11473"}],"curies":[{"name":"wp","href":"https:\/\/api.w.org\/{rel}","templated":true}]}}