{"id":11440,"date":"2026-05-02T08:26:38","date_gmt":"2026-05-02T05:26:38","guid":{"rendered":"https:\/\/ozince.com\/magaza\/kategorilenmemis\/luk-621302609-debriyaj-seti-easytronic-corsa-c-astra-h-meriva-a-tigra-b-a12xer-z14xep\/"},"modified":"2026-05-02T08:26:40","modified_gmt":"2026-05-02T05:26:40","slug":"luk-621302609-debriyaj-seti-easytronic-corsa-c-astra-h-meriva-a-tigra-b-a12xer-z14xep","status":"publish","type":"product","link":"https:\/\/ozince.com\/magaza\/debriyaj-ve-sanziman-urunleri\/luk-621302609-debriyaj-seti-easytronic-corsa-c-astra-h-meriva-a-tigra-b-a12xer-z14xep\/","title":{"rendered":"LUK-621302609 DEBR\u0130YAJ SET\u0130 EASYTRON\u0130C CORSA C \/ ASTRA H \/ MERIVA A \/ TIGRA B A12XER-Z14XEP"},"content":{"rendered":"","protected":false},"excerpt":{"rendered":"","protected":false},"featured_media":0,"template":"","meta":[],"product_brand":[234],"product_cat":[347],"product_tag":[378],"class_list":{"0":"post-11440","1":"product","2":"type-product","3":"status-publish","5":"arac_markasi_modeli-astra-h","6":"arac_markasi_modeli-corsa-c","7":"arac_markasi_modeli-meriva","8":"arac_markasi_modeli-meriva-a","9":"arac_markasi_modeli-opel","10":"arac_markasi_modeli-tigra","11":"arac_markasi_modeli-tigra-b","12":"product_brand-luk","13":"product_cat-debriyaj-ve-sanziman-urunleri","14":"product_tag-altay","16":"first","17":"outofstock","18":"taxable","19":"shipping-taxable","20":"purchasable","21":"product-type-simple"},"jetpack_sharing_enabled":true,"_links":{"self":[{"href":"https:\/\/ozince.com\/magaza\/wp-json\/wp\/v2\/product\/11440","targetHints":{"allow":["GET"]}}],"collection":[{"href":"https:\/\/ozince.com\/magaza\/wp-json\/wp\/v2\/product"}],"about":[{"href":"https:\/\/ozince.com\/magaza\/wp-json\/wp\/v2\/types\/product"}],"wp:attachment":[{"href":"https:\/\/ozince.com\/magaza\/wp-json\/wp\/v2\/media?parent=11440"}],"wp:term":[{"taxonomy":"product_brand","embeddable":true,"href":"https:\/\/ozince.com\/magaza\/wp-json\/wp\/v2\/product_brand?post=11440"},{"taxonomy":"product_cat","embeddable":true,"href":"https:\/\/ozince.com\/magaza\/wp-json\/wp\/v2\/product_cat?post=11440"},{"taxonomy":"product_tag","embeddable":true,"href":"https:\/\/ozince.com\/magaza\/wp-json\/wp\/v2\/product_tag?post=11440"}],"curies":[{"name":"wp","href":"https:\/\/api.w.org\/{rel}","templated":true}]}}