{"id":11435,"date":"2026-04-06T08:23:42","date_gmt":"2026-04-06T05:23:42","guid":{"rendered":"https:\/\/ozince.com\/magaza\/kategorilenmemis\/ayd-03713-salincak-corsa-a-82-94-duz-rotilli-sac-alt-sol\/"},"modified":"2026-04-06T08:23:42","modified_gmt":"2026-04-06T05:23:42","slug":"ayd-03713-salincak-corsa-a-82-94-duz-rotilli-sac-alt-sol","status":"publish","type":"product","link":"https:\/\/ozince.com\/magaza\/alt-takim-urunleri\/ayd-03713-salincak-corsa-a-82-94-duz-rotilli-sac-alt-sol\/","title":{"rendered":"AYD-03713 SALINCAK CORSA A    82-94 D\u00dcZ ROT\u0130LL\u0130 SAC ALT SOL"},"content":{"rendered":"","protected":false},"excerpt":{"rendered":"","protected":false},"featured_media":11981,"template":"","meta":[],"product_brand":[235],"product_cat":[382],"product_tag":[378],"class_list":{"0":"post-11435","1":"product","2":"type-product","3":"status-publish","4":"has-post-thumbnail","6":"arac_markasi_modeli-corsa-a","7":"arac_markasi_modeli-opel","8":"product_brand-ayd","9":"product_cat-alt-takim-urunleri","10":"product_tag-altay","12":"first","13":"instock","14":"taxable","15":"shipping-taxable","16":"purchasable","17":"product-type-simple"},"jetpack_sharing_enabled":true,"_links":{"self":[{"href":"https:\/\/ozince.com\/magaza\/wp-json\/wp\/v2\/product\/11435","targetHints":{"allow":["GET"]}}],"collection":[{"href":"https:\/\/ozince.com\/magaza\/wp-json\/wp\/v2\/product"}],"about":[{"href":"https:\/\/ozince.com\/magaza\/wp-json\/wp\/v2\/types\/product"}],"wp:featuredmedia":[{"embeddable":true,"href":"https:\/\/ozince.com\/magaza\/wp-json\/wp\/v2\/media\/11981"}],"wp:attachment":[{"href":"https:\/\/ozince.com\/magaza\/wp-json\/wp\/v2\/media?parent=11435"}],"wp:term":[{"taxonomy":"product_brand","embeddable":true,"href":"https:\/\/ozince.com\/magaza\/wp-json\/wp\/v2\/product_brand?post=11435"},{"taxonomy":"product_cat","embeddable":true,"href":"https:\/\/ozince.com\/magaza\/wp-json\/wp\/v2\/product_cat?post=11435"},{"taxonomy":"product_tag","embeddable":true,"href":"https:\/\/ozince.com\/magaza\/wp-json\/wp\/v2\/product_tag?post=11435"}],"curies":[{"name":"wp","href":"https:\/\/api.w.org\/{rel}","templated":true}]}}