{"id":11433,"date":"2026-03-31T08:17:44","date_gmt":"2026-03-31T05:17:44","guid":{"rendered":"https:\/\/ozince.com\/magaza\/kategorilenmemis\/fae-79189-sensor-hiz-sanziman-astra-f-astra-g-astra-h-corsa-b-corsa-d-vectra-b-tigra-a-zafira-b-giris-af13-af17-a-t\/"},"modified":"2026-03-31T08:17:45","modified_gmt":"2026-03-31T05:17:45","slug":"fae-79189-sensor-hiz-sanziman-astra-f-astra-g-astra-h-corsa-b-corsa-d-vectra-b-tigra-a-zafira-b-giris-af13-af17-a-t","status":"publish","type":"product","link":"https:\/\/ozince.com\/magaza\/sensor-ve-elektrik-urunleri\/fae-79189-sensor-hiz-sanziman-astra-f-astra-g-astra-h-corsa-b-corsa-d-vectra-b-tigra-a-zafira-b-giris-af13-af17-a-t\/","title":{"rendered":"FAE-79189 SENS\u00d6R HIZ \u015eANZIMAN ASTRA F \/ ASTRA G \/ ASTRA H \/ CORSA B \/ CORSA D \/ VECTRA B \/ TIGRA A \/ZAF\u0130RA B G\u0130R\u0130\u015e AF13-AF17 A.T"},"content":{"rendered":"","protected":false},"excerpt":{"rendered":"","protected":false},"featured_media":13924,"template":"","meta":[],"product_brand":[428],"product_cat":[374],"product_tag":[378],"class_list":{"0":"post-11433","1":"product","2":"type-product","3":"status-publish","4":"has-post-thumbnail","6":"arac_markasi_modeli-astra-f","7":"arac_markasi_modeli-astra-g","8":"arac_markasi_modeli-astra-h","9":"arac_markasi_modeli-corsa-b","10":"arac_markasi_modeli-corsa-d","11":"arac_markasi_modeli-opel","12":"arac_markasi_modeli-tigra","13":"arac_markasi_modeli-vectra-b","14":"arac_markasi_modeli-zafira-b","15":"product_brand-fae","16":"product_cat-sensor-ve-elektrik-urunleri","17":"product_tag-altay","19":"first","20":"outofstock","21":"taxable","22":"shipping-taxable","23":"purchasable","24":"product-type-simple"},"jetpack_sharing_enabled":true,"_links":{"self":[{"href":"https:\/\/ozince.com\/magaza\/wp-json\/wp\/v2\/product\/11433","targetHints":{"allow":["GET"]}}],"collection":[{"href":"https:\/\/ozince.com\/magaza\/wp-json\/wp\/v2\/product"}],"about":[{"href":"https:\/\/ozince.com\/magaza\/wp-json\/wp\/v2\/types\/product"}],"wp:featuredmedia":[{"embeddable":true,"href":"https:\/\/ozince.com\/magaza\/wp-json\/wp\/v2\/media\/13924"}],"wp:attachment":[{"href":"https:\/\/ozince.com\/magaza\/wp-json\/wp\/v2\/media?parent=11433"}],"wp:term":[{"taxonomy":"product_brand","embeddable":true,"href":"https:\/\/ozince.com\/magaza\/wp-json\/wp\/v2\/product_brand?post=11433"},{"taxonomy":"product_cat","embeddable":true,"href":"https:\/\/ozince.com\/magaza\/wp-json\/wp\/v2\/product_cat?post=11433"},{"taxonomy":"product_tag","embeddable":true,"href":"https:\/\/ozince.com\/magaza\/wp-json\/wp\/v2\/product_tag?post=11433"}],"curies":[{"name":"wp","href":"https:\/\/api.w.org\/{rel}","templated":true}]}}