{"id":11429,"date":"2026-04-09T08:20:15","date_gmt":"2026-04-09T05:20:15","guid":{"rendered":"https:\/\/ozince.com\/magaza\/kategorilenmemis\/sis-264414t-direksiyon-kutusu-corsa-c-combo-c-sasi-43-44-46000001-eps-rotbasli\/"},"modified":"2026-04-09T08:20:15","modified_gmt":"2026-04-09T05:20:15","slug":"sis-264414t-direksiyon-kutusu-corsa-c-combo-c-sasi-43-44-46000001-eps-rotbasli","status":"publish","type":"product","link":"https:\/\/ozince.com\/magaza\/direksiyon-urunleri\/sis-264414t-direksiyon-kutusu-corsa-c-combo-c-sasi-43-44-46000001-eps-rotbasli\/","title":{"rendered":"SIS-264414T D\u0130REKS\u0130YON KUTUSU CORSA C \/ COMBO C \u015eAS\u0130: 43-44-46000001- EPS ROTBA\u015eLI"},"content":{"rendered":"","protected":false},"excerpt":{"rendered":"","protected":false},"featured_media":13081,"template":"","meta":[],"product_brand":[438],"product_cat":[405],"product_tag":[378],"class_list":{"0":"post-11429","1":"product","2":"type-product","3":"status-publish","4":"has-post-thumbnail","6":"arac_markasi_modeli-combo-c","7":"arac_markasi_modeli-corsa-c","8":"arac_markasi_modeli-opel","9":"product_brand-sismak","10":"product_cat-direksiyon-urunleri","11":"product_tag-altay","13":"first","14":"instock","15":"taxable","16":"shipping-taxable","17":"purchasable","18":"product-type-simple"},"jetpack_sharing_enabled":true,"_links":{"self":[{"href":"https:\/\/ozince.com\/magaza\/wp-json\/wp\/v2\/product\/11429","targetHints":{"allow":["GET"]}}],"collection":[{"href":"https:\/\/ozince.com\/magaza\/wp-json\/wp\/v2\/product"}],"about":[{"href":"https:\/\/ozince.com\/magaza\/wp-json\/wp\/v2\/types\/product"}],"wp:featuredmedia":[{"embeddable":true,"href":"https:\/\/ozince.com\/magaza\/wp-json\/wp\/v2\/media\/13081"}],"wp:attachment":[{"href":"https:\/\/ozince.com\/magaza\/wp-json\/wp\/v2\/media?parent=11429"}],"wp:term":[{"taxonomy":"product_brand","embeddable":true,"href":"https:\/\/ozince.com\/magaza\/wp-json\/wp\/v2\/product_brand?post=11429"},{"taxonomy":"product_cat","embeddable":true,"href":"https:\/\/ozince.com\/magaza\/wp-json\/wp\/v2\/product_cat?post=11429"},{"taxonomy":"product_tag","embeddable":true,"href":"https:\/\/ozince.com\/magaza\/wp-json\/wp\/v2\/product_tag?post=11429"}],"curies":[{"name":"wp","href":"https:\/\/api.w.org\/{rel}","templated":true}]}}