{"id":11408,"date":"2026-04-09T08:20:10","date_gmt":"2026-04-09T05:20:10","guid":{"rendered":"https:\/\/ozince.com\/magaza\/kategorilenmemis\/hel-5da358057-931-atesleme-bobini-corsa-f-crossland-crossland-x-eb2fad-eb2famd-c-elysee-c3-aircross-ii-c4-cactus-ds3\/"},"modified":"2026-04-09T08:20:11","modified_gmt":"2026-04-09T05:20:11","slug":"hel-5da358057-931-atesleme-bobini-corsa-f-crossland-crossland-x-eb2fad-eb2famd-c-elysee-c3-aircross-ii-c4-cactus-ds3","status":"publish","type":"product","link":"https:\/\/ozince.com\/magaza\/sensor-ve-elektrik-urunleri\/hel-5da358057-931-atesleme-bobini-corsa-f-crossland-crossland-x-eb2fad-eb2famd-c-elysee-c3-aircross-ii-c4-cactus-ds3\/","title":{"rendered":"HEL-5DA358057-931 ATE\u015eLEME BOB\u0130N\u0130 CORSA F \/ CROSSLAND \/ CROSSLAND X EB2FAD-EB2FAMD \/ C-ELYSEE \/ C3 AIRCROSS II \/ C4 CACTUS \/ DS3"},"content":{"rendered":"","protected":false},"excerpt":{"rendered":"","protected":false},"featured_media":0,"template":"","meta":[],"product_brand":[199],"product_cat":[374],"product_tag":[378],"class_list":{"0":"post-11408","1":"product","2":"type-product","3":"status-publish","5":"arac_markasi_modeli-corsa-f","6":"arac_markasi_modeli-crossland-x","7":"arac_markasi_modeli-opel","8":"product_brand-hella","9":"product_cat-sensor-ve-elektrik-urunleri","10":"product_tag-altay","12":"first","13":"outofstock","14":"taxable","15":"shipping-taxable","16":"purchasable","17":"product-type-simple"},"jetpack_sharing_enabled":true,"_links":{"self":[{"href":"https:\/\/ozince.com\/magaza\/wp-json\/wp\/v2\/product\/11408","targetHints":{"allow":["GET"]}}],"collection":[{"href":"https:\/\/ozince.com\/magaza\/wp-json\/wp\/v2\/product"}],"about":[{"href":"https:\/\/ozince.com\/magaza\/wp-json\/wp\/v2\/types\/product"}],"wp:attachment":[{"href":"https:\/\/ozince.com\/magaza\/wp-json\/wp\/v2\/media?parent=11408"}],"wp:term":[{"taxonomy":"product_brand","embeddable":true,"href":"https:\/\/ozince.com\/magaza\/wp-json\/wp\/v2\/product_brand?post=11408"},{"taxonomy":"product_cat","embeddable":true,"href":"https:\/\/ozince.com\/magaza\/wp-json\/wp\/v2\/product_cat?post=11408"},{"taxonomy":"product_tag","embeddable":true,"href":"https:\/\/ozince.com\/magaza\/wp-json\/wp\/v2\/product_tag?post=11408"}],"curies":[{"name":"wp","href":"https:\/\/api.w.org\/{rel}","templated":true}]}}