{"id":11406,"date":"2026-05-01T08:06:30","date_gmt":"2026-05-01T05:06:30","guid":{"rendered":"https:\/\/ozince.com\/magaza\/kategorilenmemis\/mhr-39522-sis-lamba-kapagi-corsa-fledli-sag\/"},"modified":"2026-05-01T08:06:31","modified_gmt":"2026-05-01T05:06:31","slug":"mhr-39522-sis-lamba-kapagi-corsa-fledli-sag","status":"publish","type":"product","link":"https:\/\/ozince.com\/magaza\/karoseri-ve-kaporta-urunleri\/mhr-39522-sis-lamba-kapagi-corsa-fledli-sag\/","title":{"rendered":"MHR-39522 S\u0130S LAMBA KAPA\u011eI CORSA F(LEDL\u0130) SA\u011e"},"content":{"rendered":"","protected":false},"excerpt":{"rendered":"","protected":false},"featured_media":15466,"template":"","meta":[],"product_brand":[288],"product_cat":[351],"product_tag":[378],"class_list":{"0":"post-11406","1":"product","2":"type-product","3":"status-publish","4":"has-post-thumbnail","6":"arac_markasi_modeli-corsa-f","7":"arac_markasi_modeli-opel","8":"product_brand-maher","9":"product_cat-karoseri-ve-kaporta-urunleri","10":"product_tag-altay","12":"first","13":"instock","14":"taxable","15":"shipping-taxable","16":"purchasable","17":"product-type-simple"},"jetpack_sharing_enabled":true,"_links":{"self":[{"href":"https:\/\/ozince.com\/magaza\/wp-json\/wp\/v2\/product\/11406","targetHints":{"allow":["GET"]}}],"collection":[{"href":"https:\/\/ozince.com\/magaza\/wp-json\/wp\/v2\/product"}],"about":[{"href":"https:\/\/ozince.com\/magaza\/wp-json\/wp\/v2\/types\/product"}],"wp:featuredmedia":[{"embeddable":true,"href":"https:\/\/ozince.com\/magaza\/wp-json\/wp\/v2\/media\/15466"}],"wp:attachment":[{"href":"https:\/\/ozince.com\/magaza\/wp-json\/wp\/v2\/media?parent=11406"}],"wp:term":[{"taxonomy":"product_brand","embeddable":true,"href":"https:\/\/ozince.com\/magaza\/wp-json\/wp\/v2\/product_brand?post=11406"},{"taxonomy":"product_cat","embeddable":true,"href":"https:\/\/ozince.com\/magaza\/wp-json\/wp\/v2\/product_cat?post=11406"},{"taxonomy":"product_tag","embeddable":true,"href":"https:\/\/ozince.com\/magaza\/wp-json\/wp\/v2\/product_tag?post=11406"}],"curies":[{"name":"wp","href":"https:\/\/api.w.org\/{rel}","templated":true}]}}