{"id":11399,"date":"2026-04-17T08:19:50","date_gmt":"2026-04-17T05:19:50","guid":{"rendered":"https:\/\/ozince.com\/magaza\/kategorilenmemis\/vr-70-26546-00-supap-lastigi-astra-f-91-98-vectra-a-88-95-1-4-1-6-1-8-2-0-adet\/"},"modified":"2026-04-17T08:19:52","modified_gmt":"2026-04-17T05:19:52","slug":"vr-70-26546-00-supap-lastigi-astra-f-91-98-vectra-a-88-95-1-4-1-6-1-8-2-0-adet","status":"publish","type":"product","link":"https:\/\/ozince.com\/magaza\/motor-mekanik-urunleri\/vr-70-26546-00-supap-lastigi-astra-f-91-98-vectra-a-88-95-1-4-1-6-1-8-2-0-adet\/","title":{"rendered":"VR-70-26546-00 SUPAP LAST\u0130\u011e\u0130 ASTRA F  91-98 \/ VECTRA A 88-95 \/ 1.4-1.6-1.8-2.0 ADET"},"content":{"rendered":"","protected":false},"excerpt":{"rendered":"","protected":false},"featured_media":13671,"template":"","meta":[],"product_brand":[422],"product_cat":[298],"product_tag":[378],"class_list":{"0":"post-11399","1":"product","2":"type-product","3":"status-publish","4":"has-post-thumbnail","6":"arac_markasi_modeli-astra-f","7":"arac_markasi_modeli-opel","8":"arac_markasi_modeli-vectra-a","9":"product_brand-v-reinz","10":"product_cat-motor-mekanik-urunleri","11":"product_tag-altay","13":"first","14":"instock","15":"taxable","16":"shipping-taxable","17":"purchasable","18":"product-type-simple"},"jetpack_sharing_enabled":true,"_links":{"self":[{"href":"https:\/\/ozince.com\/magaza\/wp-json\/wp\/v2\/product\/11399","targetHints":{"allow":["GET"]}}],"collection":[{"href":"https:\/\/ozince.com\/magaza\/wp-json\/wp\/v2\/product"}],"about":[{"href":"https:\/\/ozince.com\/magaza\/wp-json\/wp\/v2\/types\/product"}],"wp:featuredmedia":[{"embeddable":true,"href":"https:\/\/ozince.com\/magaza\/wp-json\/wp\/v2\/media\/13671"}],"wp:attachment":[{"href":"https:\/\/ozince.com\/magaza\/wp-json\/wp\/v2\/media?parent=11399"}],"wp:term":[{"taxonomy":"product_brand","embeddable":true,"href":"https:\/\/ozince.com\/magaza\/wp-json\/wp\/v2\/product_brand?post=11399"},{"taxonomy":"product_cat","embeddable":true,"href":"https:\/\/ozince.com\/magaza\/wp-json\/wp\/v2\/product_cat?post=11399"},{"taxonomy":"product_tag","embeddable":true,"href":"https:\/\/ozince.com\/magaza\/wp-json\/wp\/v2\/product_tag?post=11399"}],"curies":[{"name":"wp","href":"https:\/\/api.w.org\/{rel}","templated":true}]}}