{"id":11370,"date":"2026-04-08T08:16:07","date_gmt":"2026-04-08T05:16:07","guid":{"rendered":"https:\/\/ozince.com\/magaza\/kategorilenmemis\/swg-40949615-kulbutor-kapagi-astra-j-insignia-a-cruze-corsa-d-corsa-e-a14net-a14xer-a12xer\/"},"modified":"2026-04-08T08:16:08","modified_gmt":"2026-04-08T05:16:08","slug":"swg-40949615-kulbutor-kapagi-astra-j-insignia-a-cruze-corsa-d-corsa-e-a14net-a14xer-a12xer","status":"publish","type":"product","link":"https:\/\/ozince.com\/magaza\/motor-mekanik-urunleri\/swg-40949615-kulbutor-kapagi-astra-j-insignia-a-cruze-corsa-d-corsa-e-a14net-a14xer-a12xer\/","title":{"rendered":"SWG-40949615 K\u00dcLB\u00dcT\u00d6R KAPA\u011eI ASTRA J \/ INSIGNIA A \/ CRUZE \/ CORSA D \/ CORSA E A14NET-A14XER-A12XER"},"content":{"rendered":"","protected":false},"excerpt":{"rendered":"","protected":false},"featured_media":0,"template":"","meta":[],"product_brand":[309],"product_cat":[298],"product_tag":[378],"class_list":{"0":"post-11370","1":"product","2":"type-product","3":"status-publish","5":"arac_markasi_modeli-astra-j","6":"arac_markasi_modeli-corsa-d","7":"arac_markasi_modeli-corsa-e","8":"arac_markasi_modeli-insignia-a","9":"arac_markasi_modeli-opel","10":"product_brand-swag","11":"product_cat-motor-mekanik-urunleri","12":"product_tag-altay","14":"first","15":"outofstock","16":"taxable","17":"shipping-taxable","18":"purchasable","19":"product-type-simple"},"jetpack_sharing_enabled":true,"_links":{"self":[{"href":"https:\/\/ozince.com\/magaza\/wp-json\/wp\/v2\/product\/11370","targetHints":{"allow":["GET"]}}],"collection":[{"href":"https:\/\/ozince.com\/magaza\/wp-json\/wp\/v2\/product"}],"about":[{"href":"https:\/\/ozince.com\/magaza\/wp-json\/wp\/v2\/types\/product"}],"wp:attachment":[{"href":"https:\/\/ozince.com\/magaza\/wp-json\/wp\/v2\/media?parent=11370"}],"wp:term":[{"taxonomy":"product_brand","embeddable":true,"href":"https:\/\/ozince.com\/magaza\/wp-json\/wp\/v2\/product_brand?post=11370"},{"taxonomy":"product_cat","embeddable":true,"href":"https:\/\/ozince.com\/magaza\/wp-json\/wp\/v2\/product_cat?post=11370"},{"taxonomy":"product_tag","embeddable":true,"href":"https:\/\/ozince.com\/magaza\/wp-json\/wp\/v2\/product_tag?post=11370"}],"curies":[{"name":"wp","href":"https:\/\/api.w.org\/{rel}","templated":true}]}}