{"id":11356,"date":"2026-04-11T08:17:46","date_gmt":"2026-04-11T05:17:46","guid":{"rendered":"https:\/\/ozince.com\/magaza\/kategorilenmemis\/kle-387220-fan-radyator-opel-corsa-e-1-2-1-4-benzinli-davlumbazli-fan-motoru\/"},"modified":"2026-04-11T08:17:47","modified_gmt":"2026-04-11T05:17:47","slug":"kle-387220-fan-radyator-opel-corsa-e-1-2-1-4-benzinli-davlumbazli-fan-motoru","status":"publish","type":"product","link":"https:\/\/ozince.com\/magaza\/motor-sogutma-ve-radyator-urunleri\/kle-387220-fan-radyator-opel-corsa-e-1-2-1-4-benzinli-davlumbazli-fan-motoru\/","title":{"rendered":"KLE-387220 FAN RADYAT\u00d6R OPEL CORSA E 1.2 1.4 BENZ\u0130NL\u0130 DAVLUMBAZLI FAN MOTORU"},"content":{"rendered":"","protected":false},"excerpt":{"rendered":"","protected":false},"featured_media":15289,"template":"","meta":[],"product_brand":[328],"product_cat":[324],"product_tag":[378],"class_list":{"0":"post-11356","1":"product","2":"type-product","3":"status-publish","4":"has-post-thumbnail","6":"arac_markasi_modeli-corsa-e","7":"arac_markasi_modeli-opel","8":"product_brand-kale","9":"product_cat-motor-sogutma-ve-radyator-urunleri","10":"product_tag-altay","12":"first","13":"instock","14":"taxable","15":"shipping-taxable","16":"purchasable","17":"product-type-simple"},"jetpack_sharing_enabled":true,"_links":{"self":[{"href":"https:\/\/ozince.com\/magaza\/wp-json\/wp\/v2\/product\/11356","targetHints":{"allow":["GET"]}}],"collection":[{"href":"https:\/\/ozince.com\/magaza\/wp-json\/wp\/v2\/product"}],"about":[{"href":"https:\/\/ozince.com\/magaza\/wp-json\/wp\/v2\/types\/product"}],"wp:featuredmedia":[{"embeddable":true,"href":"https:\/\/ozince.com\/magaza\/wp-json\/wp\/v2\/media\/15289"}],"wp:attachment":[{"href":"https:\/\/ozince.com\/magaza\/wp-json\/wp\/v2\/media?parent=11356"}],"wp:term":[{"taxonomy":"product_brand","embeddable":true,"href":"https:\/\/ozince.com\/magaza\/wp-json\/wp\/v2\/product_brand?post=11356"},{"taxonomy":"product_cat","embeddable":true,"href":"https:\/\/ozince.com\/magaza\/wp-json\/wp\/v2\/product_cat?post=11356"},{"taxonomy":"product_tag","embeddable":true,"href":"https:\/\/ozince.com\/magaza\/wp-json\/wp\/v2\/product_tag?post=11356"}],"curies":[{"name":"wp","href":"https:\/\/api.w.org\/{rel}","templated":true}]}}