{"id":11348,"date":"2026-04-06T08:23:18","date_gmt":"2026-04-06T05:23:18","guid":{"rendered":"https:\/\/ozince.com\/magaza\/kategorilenmemis\/ayd-50881-fren-diski-vectra-b-4-bijon-95-03-arka-duz-270mm\/"},"modified":"2026-04-06T08:23:19","modified_gmt":"2026-04-06T05:23:19","slug":"ayd-50881-fren-diski-vectra-b-4-bijon-95-03-arka-duz-270mm","status":"publish","type":"product","link":"https:\/\/ozince.com\/magaza\/fren-sistemi-urunleri\/ayd-50881-fren-diski-vectra-b-4-bijon-95-03-arka-duz-270mm\/","title":{"rendered":"AYD-50881 FREN D\u0130SK\u0130 VECTRA B (4 B\u0130JON) 95-03 \/ ARKA D\u00dcZ 270mm"},"content":{"rendered":"","protected":false},"excerpt":{"rendered":"","protected":false},"featured_media":11926,"template":"","meta":[],"product_brand":[235],"product_cat":[257],"product_tag":[378],"class_list":{"0":"post-11348","1":"product","2":"type-product","3":"status-publish","4":"has-post-thumbnail","6":"arac_markasi_modeli-opel","7":"arac_markasi_modeli-vectra-b","8":"product_brand-ayd","9":"product_cat-fren-sistemi-urunleri","10":"product_tag-altay","12":"first","13":"instock","14":"taxable","15":"shipping-taxable","16":"purchasable","17":"product-type-simple"},"jetpack_sharing_enabled":true,"_links":{"self":[{"href":"https:\/\/ozince.com\/magaza\/wp-json\/wp\/v2\/product\/11348","targetHints":{"allow":["GET"]}}],"collection":[{"href":"https:\/\/ozince.com\/magaza\/wp-json\/wp\/v2\/product"}],"about":[{"href":"https:\/\/ozince.com\/magaza\/wp-json\/wp\/v2\/types\/product"}],"wp:featuredmedia":[{"embeddable":true,"href":"https:\/\/ozince.com\/magaza\/wp-json\/wp\/v2\/media\/11926"}],"wp:attachment":[{"href":"https:\/\/ozince.com\/magaza\/wp-json\/wp\/v2\/media?parent=11348"}],"wp:term":[{"taxonomy":"product_brand","embeddable":true,"href":"https:\/\/ozince.com\/magaza\/wp-json\/wp\/v2\/product_brand?post=11348"},{"taxonomy":"product_cat","embeddable":true,"href":"https:\/\/ozince.com\/magaza\/wp-json\/wp\/v2\/product_cat?post=11348"},{"taxonomy":"product_tag","embeddable":true,"href":"https:\/\/ozince.com\/magaza\/wp-json\/wp\/v2\/product_tag?post=11348"}],"curies":[{"name":"wp","href":"https:\/\/api.w.org\/{rel}","templated":true}]}}