{"id":11346,"date":"2026-04-18T08:20:31","date_gmt":"2026-04-18T05:20:31","guid":{"rendered":"https:\/\/ozince.com\/magaza\/kategorilenmemis\/elr-013-000-enjektor-kece-kapagi-combo-c-corsa-c-meriva-a-y17dtl\/"},"modified":"2026-04-18T08:20:31","modified_gmt":"2026-04-18T05:20:31","slug":"elr-013-000-enjektor-kece-kapagi-combo-c-corsa-c-meriva-a-y17dtl","status":"publish","type":"product","link":"https:\/\/ozince.com\/magaza\/motor-mekanik-urunleri\/elr-013-000-enjektor-kece-kapagi-combo-c-corsa-c-meriva-a-y17dtl\/","title":{"rendered":"ELR-013.000 ENJEKT\u00d6R KE\u00c7E KAPA\u011eI COMBO C \/ CORSA C \/  MERIVA A Y17DTL"},"content":{"rendered":"","protected":false},"excerpt":{"rendered":"","protected":false},"featured_media":0,"template":"","meta":[],"product_brand":[421],"product_cat":[298],"product_tag":[378],"class_list":{"0":"post-11346","1":"product","2":"type-product","3":"status-publish","5":"arac_markasi_modeli-combo-c","6":"arac_markasi_modeli-corsa-c","7":"arac_markasi_modeli-meriva","8":"arac_markasi_modeli-meriva-a","9":"arac_markasi_modeli-opel","10":"product_brand-elring","11":"product_cat-motor-mekanik-urunleri","12":"product_tag-altay","14":"first","15":"outofstock","16":"taxable","17":"shipping-taxable","18":"purchasable","19":"product-type-simple"},"jetpack_sharing_enabled":true,"_links":{"self":[{"href":"https:\/\/ozince.com\/magaza\/wp-json\/wp\/v2\/product\/11346","targetHints":{"allow":["GET"]}}],"collection":[{"href":"https:\/\/ozince.com\/magaza\/wp-json\/wp\/v2\/product"}],"about":[{"href":"https:\/\/ozince.com\/magaza\/wp-json\/wp\/v2\/types\/product"}],"wp:attachment":[{"href":"https:\/\/ozince.com\/magaza\/wp-json\/wp\/v2\/media?parent=11346"}],"wp:term":[{"taxonomy":"product_brand","embeddable":true,"href":"https:\/\/ozince.com\/magaza\/wp-json\/wp\/v2\/product_brand?post=11346"},{"taxonomy":"product_cat","embeddable":true,"href":"https:\/\/ozince.com\/magaza\/wp-json\/wp\/v2\/product_cat?post=11346"},{"taxonomy":"product_tag","embeddable":true,"href":"https:\/\/ozince.com\/magaza\/wp-json\/wp\/v2\/product_tag?post=11346"}],"curies":[{"name":"wp","href":"https:\/\/api.w.org\/{rel}","templated":true}]}}