{"id":11344,"date":"2026-04-07T08:22:19","date_gmt":"2026-04-07T05:22:19","guid":{"rendered":"https:\/\/ozince.com\/magaza\/kategorilenmemis\/del-gn10796-12b1-atesleme-bobini-astra-j-astra-k-zafira-c-insignia-a-insignia-b-a16xht-b16shl-d16sht\/"},"modified":"2026-04-07T08:22:20","modified_gmt":"2026-04-07T05:22:20","slug":"del-gn10796-12b1-atesleme-bobini-astra-j-astra-k-zafira-c-insignia-a-insignia-b-a16xht-b16shl-d16sht","status":"publish","type":"product","link":"https:\/\/ozince.com\/magaza\/sensor-ve-elektrik-urunleri\/del-gn10796-12b1-atesleme-bobini-astra-j-astra-k-zafira-c-insignia-a-insignia-b-a16xht-b16shl-d16sht\/","title":{"rendered":"DEL-GN10796-12B1 ATE\u015eLEME BOB\u0130N\u0130 ASTRA J \/ ASTRA K \/ ZAF\u0130RA C \/ INSIGNIA A \/ INSIGNIA B A16XHT-B16SHL-D16SHT"},"content":{"rendered":"","protected":false},"excerpt":{"rendered":"","protected":false},"featured_media":13355,"template":"","meta":[],"product_brand":[236],"product_cat":[374],"product_tag":[378],"class_list":{"0":"post-11344","1":"product","2":"type-product","3":"status-publish","4":"has-post-thumbnail","6":"arac_markasi_modeli-astra-j","7":"arac_markasi_modeli-astra-k","8":"arac_markasi_modeli-insignia-a","9":"arac_markasi_modeli-insignia-b","10":"arac_markasi_modeli-opel","11":"arac_markasi_modeli-zafira-c","12":"product_brand-delphi","13":"product_cat-sensor-ve-elektrik-urunleri","14":"product_tag-altay","16":"first","17":"instock","18":"taxable","19":"shipping-taxable","20":"purchasable","21":"product-type-simple"},"jetpack_sharing_enabled":true,"_links":{"self":[{"href":"https:\/\/ozince.com\/magaza\/wp-json\/wp\/v2\/product\/11344","targetHints":{"allow":["GET"]}}],"collection":[{"href":"https:\/\/ozince.com\/magaza\/wp-json\/wp\/v2\/product"}],"about":[{"href":"https:\/\/ozince.com\/magaza\/wp-json\/wp\/v2\/types\/product"}],"wp:featuredmedia":[{"embeddable":true,"href":"https:\/\/ozince.com\/magaza\/wp-json\/wp\/v2\/media\/13355"}],"wp:attachment":[{"href":"https:\/\/ozince.com\/magaza\/wp-json\/wp\/v2\/media?parent=11344"}],"wp:term":[{"taxonomy":"product_brand","embeddable":true,"href":"https:\/\/ozince.com\/magaza\/wp-json\/wp\/v2\/product_brand?post=11344"},{"taxonomy":"product_cat","embeddable":true,"href":"https:\/\/ozince.com\/magaza\/wp-json\/wp\/v2\/product_cat?post=11344"},{"taxonomy":"product_tag","embeddable":true,"href":"https:\/\/ozince.com\/magaza\/wp-json\/wp\/v2\/product_tag?post=11344"}],"curies":[{"name":"wp","href":"https:\/\/api.w.org\/{rel}","templated":true}]}}